{"id":16998,"date":"2020-08-27T10:07:07","date_gmt":"2020-08-27T10:07:07","guid":{"rendered":"https:\/\/covid-19care.org\/?post_type=product&#038;p=16998"},"modified":"2025-06-09T03:40:03","modified_gmt":"2025-06-09T03:40:03","slug":"khau-trang-vai-khang-khuan-protech","status":"publish","type":"product","link":"https:\/\/covid-19care.org\/?product=khau-trang-vai-khang-khuan-protech","title":{"rendered":"Kh\u1ea9u trang v\u1ea3i kh\u00e1ng khu\u1ea9n PROTECH"},"content":{"rendered":"<p>[vc_row][vc_column][vc_column_text]KH\u1ea8U TRANG V\u1ea2I KH\u00c1NG KHU\u1ea8N 3 L\u1edaP PROTECH MASK nhi\u1ec1u ti\u1ec7n \u00edch nh\u01b0:<\/p>\n<ul>\n<li>Kh\u00e1ng khu\u1ea9n: b\u1ea3o v\u1ec7 \u0111\u01b0\u1eddng h\u00f4 h\u1ea5p c\u1ee7a b\u1ea1n b\u1eb1ng bi\u1ec7n ph\u00e1p ng\u0103n ch\u1eb7n s\u1ef1 x\u00e2m nh\u1eadp c\u1ee7a c\u00e1c Virut g\u00e2y b\u1ec7nh ho\u1eb7c kh\u00f3i b\u1ee5i v\u1edbi 3 l\u1edbp b\u1ea3o v\u1ec7 tuy\u1ec7t \u0111\u1ed1i<\/li>\n<li>Ch\u1ed1ng n\u1eafng v\u00e0 c\u00e1c tia g\u00e2y h\u1ea1i cho da<\/li>\n<li>Kh\u1eed m\u00f9i: v\u1edbi c\u1ea5u tr\u00fac 3 l\u1edbp s\u1ebd gi\u00fap ng\u0103n ch\u1eb7n m\u00f9i h\u00f4i b\u00ean ngo\u00e0i m\u00f4i tr\u01b0\u1eddng<\/li>\n<li>Ch\u1ed1ng b\u00e1m b\u1ea9n, ch\u1ed1ng vi\u1ec7c x\u00e2m nh\u1eadp c\u1ee7a b\u1ee5i m\u1ecbn, ph\u1ea5n hoa trong kh\u00f4ng kh\u00ed<\/li>\n<li>C\u1ea5u tr\u00fac \u00f4m s\u00e1t m\u1eb7t nh\u01b0ng kh\u00f4ng g\u00e2y kh\u00f3 ch\u1ecbu, ch\u1ea5t li\u1ec7u v\u1ea3i m\u1ecbn m\u00e0ng, tho\u00e1ng m\u00e1t quai \u0111eo \u00eam \u00e1i, m\u1ec1m m\u1ea1i, kh\u00f4ng l\u00e0m \u0111au tai v\u00e0 kh\u00f4ng g\u00e2y h\u1eb1n tr\u00ean khu\u00f4n m\u1eb7t khi \u0111eo l\u00e2u.<\/li>\n<\/ul>\n<h3><strong>\u0110\u1eb6C BI\u1ec6T NH\u1eacN IN LOGO C\u00d4NG TY L\u00caN KH\u1ea8U TRANG<\/strong><\/h3>\n<p><img loading=\"lazy\" decoding=\"async\" class=\"aligncenter wp-image-18501 size-full\" src=\"https:\/\/covid-19care.org\/wp-content\/uploads\/2020\/08\/Healthcarevietnam.com-Protech-mask.jpg\" alt=\"\" width=\"600\" height=\"600\" srcset=\"https:\/\/covid-19care.org\/wp-content\/uploads\/2020\/08\/Healthcarevietnam.com-Protech-mask.jpg 600w, https:\/\/covid-19care.org\/wp-content\/uploads\/2020\/08\/Healthcarevietnam.com-Protech-mask-300x300.jpg 300w, https:\/\/covid-19care.org\/wp-content\/uploads\/2020\/08\/Healthcarevietnam.com-Protech-mask-150x150.jpg 150w, https:\/\/covid-19care.org\/wp-content\/uploads\/2020\/08\/Healthcarevietnam.com-Protech-mask-480x480.jpg 480w, https:\/\/covid-19care.org\/wp-content\/uploads\/2020\/08\/Healthcarevietnam.com-Protech-mask-100x100.jpg 100w, https:\/\/covid-19care.org\/wp-content\/uploads\/2020\/08\/Healthcarevietnam.com-Protech-mask-350x350.jpg 350w, https:\/\/covid-19care.org\/wp-content\/uploads\/2020\/08\/Healthcarevietnam.com-Protech-mask-46x46.jpg 46w, https:\/\/covid-19care.org\/wp-content\/uploads\/2020\/08\/Healthcarevietnam.com-Protech-mask-310x310.jpg 310w\" sizes=\"auto, (max-width: 600px) 100vw, 600px\" \/><\/p>\n<p><img loading=\"lazy\" decoding=\"async\" class=\"aligncenter wp-image-18497 size-full\" src=\"https:\/\/covid-19care.org\/wp-content\/uploads\/2020\/08\/Healthcarevietnam.com-1Protech-mask.jpg\" alt=\"\" width=\"600\" height=\"600\" srcset=\"https:\/\/covid-19care.org\/wp-content\/uploads\/2020\/08\/Healthcarevietnam.com-1Protech-mask.jpg 600w, https:\/\/covid-19care.org\/wp-content\/uploads\/2020\/08\/Healthcarevietnam.com-1Protech-mask-300x300.jpg 300w, https:\/\/covid-19care.org\/wp-content\/uploads\/2020\/08\/Healthcarevietnam.com-1Protech-mask-150x150.jpg 150w, https:\/\/covid-19care.org\/wp-content\/uploads\/2020\/08\/Healthcarevietnam.com-1Protech-mask-480x480.jpg 480w, https:\/\/covid-19care.org\/wp-content\/uploads\/2020\/08\/Healthcarevietnam.com-1Protech-mask-100x100.jpg 100w, https:\/\/covid-19care.org\/wp-content\/uploads\/2020\/08\/Healthcarevietnam.com-1Protech-mask-350x350.jpg 350w, https:\/\/covid-19care.org\/wp-content\/uploads\/2020\/08\/Healthcarevietnam.com-1Protech-mask-46x46.jpg 46w, https:\/\/covid-19care.org\/wp-content\/uploads\/2020\/08\/Healthcarevietnam.com-1Protech-mask-310x310.jpg 310w\" sizes=\"auto, (max-width: 600px) 100vw, 600px\" \/><\/p>\n<p>[\/vc_column_text][\/vc_column][\/vc_row]<\/p>\n","protected":false},"excerpt":{"rendered":"<ul>\n<li>3 l\u1edbp kh\u00e1ng khu\u1ea9n<\/li>\n<li>C\u00f3 n\u00fat ch\u1eb7n kh\u1ea9u trang L\u1edbp l\u01b0\u1edbi c\u00f3 kh\u1ea3 n\u0103ng \u1ee9c ch\u1ebf 98-99% vi khu\u1ea9n khi ti\u1ebfp x\u00fac<\/li>\n<li>L\u1edbp gi\u1eefa l\u00e0 v\u1ea3i kh\u00f4ng d\u1ec7t 0.8mm d\u00f9ng trong y t\u1ebf v\u1edbi t\u00ednh n\u0103ng l\u1ecdc b\u1ee5i t\u1ed1i \u0111a \u0111\u1ebfn 99%<\/li>\n<li>L\u1edbp v\u1ea3i ngo\u00e0i c\u00f9ng c\u00f3 kh\u1ea3 n\u0103ng ch\u1ed1ng n\u01b0\u1edbc, ng\u0103n gi\u1ecdt b\u1eafn, m\u01b0a hi\u1ec7u qu\u1ea3<\/li>\n<\/ul>\n","protected":false},"featured_media":18501,"comment_status":"closed","ping_status":"closed","template":"","meta":[],"product_cat":[107],"product_tag":[141],"class_list":{"0":"post-16998","1":"product","2":"type-product","3":"status-publish","4":"has-post-thumbnail","6":"product_cat-khau-trang","7":"product_tag-khau_trang_vai_protech","8":"ts_product_brand-protech","10":"first","11":"instock","12":"shipping-taxable","13":"product-type-simple"},"yoast_head":"<!-- This site is optimized with the Yoast SEO Premium plugin v17.1.2 (Yoast SEO v17.1) - https:\/\/yoast.com\/wordpress\/plugins\/seo\/ -->\n<title>Covid-19 Care &raquo; Kh\u1ea9u trang v\u1ea3i kh\u00e1ng khu\u1ea9n PROTECH<\/title>\n<meta name=\"description\" content=\"Covid-19Care.com thu\u1ed9c h\u1ec7 th\u1ed1ng cung c\u1ea5p thi\u1ebft b\u1ecb ph\u00f2ng d\u1ecbch c\u1ee7a c\u00f4ng ty T\u01af\u1edcNG KHOA, chuy\u00ean \u0111\u1ed3 ph\u00f2ng d\u1ecbch v\u00e0 BHL\u0110 h\u00e0ng \u0111\u1ea7u Vi\u1ec7t Nam.\" \/>\n<meta name=\"robots\" content=\"index, follow, max-snippet:-1, max-image-preview:large, max-video-preview:-1\" \/>\n<link rel=\"canonical\" href=\"https:\/\/covid-19care.org\/?product=khau-trang-vai-khang-khuan-protech\" \/>\n<meta property=\"og:locale\" content=\"en_US\" \/>\n<meta property=\"og:type\" content=\"article\" \/>\n<meta property=\"og:title\" content=\"Covid-19 Care &raquo; Kh\u1ea9u trang v\u1ea3i kh\u00e1ng khu\u1ea9n PROTECH\" \/>\n<meta property=\"og:description\" content=\"Covid-19Care.com thu\u1ed9c h\u1ec7 th\u1ed1ng cung c\u1ea5p thi\u1ebft b\u1ecb ph\u00f2ng d\u1ecbch c\u1ee7a c\u00f4ng ty T\u01af\u1edcNG KHOA, chuy\u00ean \u0111\u1ed3 ph\u00f2ng d\u1ecbch v\u00e0 BHL\u0110 h\u00e0ng \u0111\u1ea7u Vi\u1ec7t Nam.\" \/>\n<meta property=\"og:url\" content=\"https:\/\/covid-19care.org\/?product=khau-trang-vai-khang-khuan-protech\" \/>\n<meta property=\"og:site_name\" content=\"Covid-19 Care\" \/>\n<meta property=\"article:publisher\" content=\"https:\/\/www.facebook.com\/healthcarevietnam.org\" \/>\n<meta property=\"article:modified_time\" content=\"2025-06-09T03:40:03+00:00\" \/>\n<meta property=\"og:image\" content=\"https:\/\/covid-19care.org\/wp-content\/uploads\/2020\/08\/Healthcarevietnam.com-Protech-mask.jpg\" \/>\n\t<meta property=\"og:image:width\" content=\"600\" \/>\n\t<meta property=\"og:image:height\" content=\"600\" \/>\n<meta name=\"twitter:card\" content=\"summary_large_image\" \/>\n<meta name=\"twitter:label1\" content=\"Est. reading time\" \/>\n\t<meta name=\"twitter:data1\" content=\"1 minute\" \/>\n<script type=\"application\/ld+json\" class=\"yoast-schema-graph\">{\"@context\":\"https:\/\/schema.org\",\"@graph\":[{\"@type\":\"Organization\",\"@id\":\"https:\/\/covid-19care.org\/#organization\",\"name\":\"Covid-19Care Vietnam\",\"url\":\"https:\/\/covid-19care.org\/\",\"sameAs\":[\"https:\/\/www.facebook.com\/healthcarevietnam.org\",\"https:\/\/www.linkedin.com\/company\/tksafety\/\",\"https:\/\/www.youtube.com\/channel\/UCfY_XOMwTRztJNUdvIbrfsg\/about\"],\"logo\":{\"@type\":\"ImageObject\",\"@id\":\"https:\/\/covid-19care.org\/#logo\",\"inLanguage\":\"en-US\",\"url\":\"https:\/\/covid-19care.org\/wp-content\/uploads\/2021\/11\/Covid-19care.com-SEO.png\",\"contentUrl\":\"https:\/\/covid-19care.org\/wp-content\/uploads\/2021\/11\/Covid-19care.com-SEO.png\",\"width\":200,\"height\":200,\"caption\":\"Covid-19Care Vietnam\"},\"image\":{\"@id\":\"https:\/\/covid-19care.org\/#logo\"}},{\"@type\":\"WebSite\",\"@id\":\"https:\/\/covid-19care.org\/#website\",\"url\":\"https:\/\/covid-19care.org\/\",\"name\":\"Covid-19 Care\",\"description\":\"Public Health Protection\",\"publisher\":{\"@id\":\"https:\/\/covid-19care.org\/#organization\"},\"potentialAction\":[{\"@type\":\"SearchAction\",\"target\":{\"@type\":\"EntryPoint\",\"urlTemplate\":\"https:\/\/covid-19care.org\/?s={search_term_string}\"},\"query-input\":\"required name=search_term_string\"}],\"inLanguage\":\"en-US\"},{\"@type\":\"ImageObject\",\"@id\":\"https:\/\/covid-19care.org\/?product=khau-trang-vai-khang-khuan-protech#primaryimage\",\"inLanguage\":\"en-US\",\"url\":\"https:\/\/covid-19care.org\/wp-content\/uploads\/2020\/08\/Healthcarevietnam.com-Protech-mask.jpg\",\"contentUrl\":\"https:\/\/covid-19care.org\/wp-content\/uploads\/2020\/08\/Healthcarevietnam.com-Protech-mask.jpg\",\"width\":600,\"height\":600},{\"@type\":\"WebPage\",\"@id\":\"https:\/\/covid-19care.org\/?product=khau-trang-vai-khang-khuan-protech#webpage\",\"url\":\"https:\/\/covid-19care.org\/?product=khau-trang-vai-khang-khuan-protech\",\"name\":\"Covid-19 Care &raquo; Kh\\u1ea9u trang v\\u1ea3i kh\\u00e1ng khu\\u1ea9n PROTECH\",\"isPartOf\":{\"@id\":\"https:\/\/covid-19care.org\/#website\"},\"primaryImageOfPage\":{\"@id\":\"https:\/\/covid-19care.org\/?product=khau-trang-vai-khang-khuan-protech#primaryimage\"},\"datePublished\":\"2020-08-27T10:07:07+00:00\",\"dateModified\":\"2025-06-09T03:40:03+00:00\",\"description\":\"Covid-19Care.com thu\\u1ed9c h\\u1ec7 th\\u1ed1ng cung c\\u1ea5p thi\\u1ebft b\\u1ecb ph\\u00f2ng d\\u1ecbch c\\u1ee7a c\\u00f4ng ty T\\u01af\\u1edcNG KHOA, chuy\\u00ean \\u0111\\u1ed3 ph\\u00f2ng d\\u1ecbch v\\u00e0 BHL\\u0110 h\\u00e0ng \\u0111\\u1ea7u Vi\\u1ec7t Nam.\",\"breadcrumb\":{\"@id\":\"https:\/\/covid-19care.org\/?product=khau-trang-vai-khang-khuan-protech#breadcrumb\"},\"inLanguage\":\"en-US\",\"potentialAction\":[{\"@type\":\"ReadAction\",\"target\":[\"https:\/\/covid-19care.org\/?product=khau-trang-vai-khang-khuan-protech\"]}]},{\"@type\":\"BreadcrumbList\",\"@id\":\"https:\/\/covid-19care.org\/?product=khau-trang-vai-khang-khuan-protech#breadcrumb\",\"itemListElement\":[{\"@type\":\"ListItem\",\"position\":1,\"name\":\"Home\",\"item\":\"https:\/\/covid-19care.org\/\"},{\"@type\":\"ListItem\",\"position\":2,\"name\":\"Shop\",\"item\":\"https:\/\/covid-19care.org\/?page_id=51\"},{\"@type\":\"ListItem\",\"position\":3,\"name\":\"Kh\\u1ea9u trang v\\u1ea3i kh\\u00e1ng khu\\u1ea9n PROTECH\"}]}]}<\/script>\n<!-- \/ Yoast SEO Premium plugin. -->","yoast_head_json":{"title":"Covid-19 Care &raquo; Kh\u1ea9u trang v\u1ea3i kh\u00e1ng khu\u1ea9n PROTECH","description":"Covid-19Care.com thu\u1ed9c h\u1ec7 th\u1ed1ng cung c\u1ea5p thi\u1ebft b\u1ecb ph\u00f2ng d\u1ecbch c\u1ee7a c\u00f4ng ty T\u01af\u1edcNG KHOA, chuy\u00ean \u0111\u1ed3 ph\u00f2ng d\u1ecbch v\u00e0 BHL\u0110 h\u00e0ng \u0111\u1ea7u Vi\u1ec7t Nam.","robots":{"index":"index","follow":"follow","max-snippet":"max-snippet:-1","max-image-preview":"max-image-preview:large","max-video-preview":"max-video-preview:-1"},"canonical":"https:\/\/covid-19care.org\/?product=khau-trang-vai-khang-khuan-protech","og_locale":"en_US","og_type":"article","og_title":"Covid-19 Care &raquo; Kh\u1ea9u trang v\u1ea3i kh\u00e1ng khu\u1ea9n PROTECH","og_description":"Covid-19Care.com thu\u1ed9c h\u1ec7 th\u1ed1ng cung c\u1ea5p thi\u1ebft b\u1ecb ph\u00f2ng d\u1ecbch c\u1ee7a c\u00f4ng ty T\u01af\u1edcNG KHOA, chuy\u00ean \u0111\u1ed3 ph\u00f2ng d\u1ecbch v\u00e0 BHL\u0110 h\u00e0ng \u0111\u1ea7u Vi\u1ec7t Nam.","og_url":"https:\/\/covid-19care.org\/?product=khau-trang-vai-khang-khuan-protech","og_site_name":"Covid-19 Care","article_publisher":"https:\/\/www.facebook.com\/healthcarevietnam.org","article_modified_time":"2025-06-09T03:40:03+00:00","og_image":[{"width":600,"height":600,"url":"https:\/\/covid-19care.org\/wp-content\/uploads\/2020\/08\/Healthcarevietnam.com-Protech-mask.jpg","path":"\/home\/covidorg\/domains\/covid-19care.org\/public_html\/wp-content\/uploads\/2020\/08\/Healthcarevietnam.com-Protech-mask.jpg","size":"full","id":18501,"alt":"","pixels":360000,"type":"image\/jpeg"}],"twitter_card":"summary_large_image","twitter_misc":{"Est. reading time":"1 minute"},"schema":{"@context":"https:\/\/schema.org","@graph":[{"@type":"Organization","@id":"https:\/\/covid-19care.org\/#organization","name":"Covid-19Care Vietnam","url":"https:\/\/covid-19care.org\/","sameAs":["https:\/\/www.facebook.com\/healthcarevietnam.org","https:\/\/www.linkedin.com\/company\/tksafety\/","https:\/\/www.youtube.com\/channel\/UCfY_XOMwTRztJNUdvIbrfsg\/about"],"logo":{"@type":"ImageObject","@id":"https:\/\/covid-19care.org\/#logo","inLanguage":"en-US","url":"https:\/\/covid-19care.org\/wp-content\/uploads\/2021\/11\/Covid-19care.com-SEO.png","contentUrl":"https:\/\/covid-19care.org\/wp-content\/uploads\/2021\/11\/Covid-19care.com-SEO.png","width":200,"height":200,"caption":"Covid-19Care Vietnam"},"image":{"@id":"https:\/\/covid-19care.org\/#logo"}},{"@type":"WebSite","@id":"https:\/\/covid-19care.org\/#website","url":"https:\/\/covid-19care.org\/","name":"Covid-19 Care","description":"Public Health Protection","publisher":{"@id":"https:\/\/covid-19care.org\/#organization"},"potentialAction":[{"@type":"SearchAction","target":{"@type":"EntryPoint","urlTemplate":"https:\/\/covid-19care.org\/?s={search_term_string}"},"query-input":"required name=search_term_string"}],"inLanguage":"en-US"},{"@type":"ImageObject","@id":"https:\/\/covid-19care.org\/?product=khau-trang-vai-khang-khuan-protech#primaryimage","inLanguage":"en-US","url":"https:\/\/covid-19care.org\/wp-content\/uploads\/2020\/08\/Healthcarevietnam.com-Protech-mask.jpg","contentUrl":"https:\/\/covid-19care.org\/wp-content\/uploads\/2020\/08\/Healthcarevietnam.com-Protech-mask.jpg","width":600,"height":600},{"@type":"WebPage","@id":"https:\/\/covid-19care.org\/?product=khau-trang-vai-khang-khuan-protech#webpage","url":"https:\/\/covid-19care.org\/?product=khau-trang-vai-khang-khuan-protech","name":"Covid-19 Care &raquo; Kh\u1ea9u trang v\u1ea3i kh\u00e1ng khu\u1ea9n PROTECH","isPartOf":{"@id":"https:\/\/covid-19care.org\/#website"},"primaryImageOfPage":{"@id":"https:\/\/covid-19care.org\/?product=khau-trang-vai-khang-khuan-protech#primaryimage"},"datePublished":"2020-08-27T10:07:07+00:00","dateModified":"2025-06-09T03:40:03+00:00","description":"Covid-19Care.com thu\u1ed9c h\u1ec7 th\u1ed1ng cung c\u1ea5p thi\u1ebft b\u1ecb ph\u00f2ng d\u1ecbch c\u1ee7a c\u00f4ng ty T\u01af\u1edcNG KHOA, chuy\u00ean \u0111\u1ed3 ph\u00f2ng d\u1ecbch v\u00e0 BHL\u0110 h\u00e0ng \u0111\u1ea7u Vi\u1ec7t Nam.","breadcrumb":{"@id":"https:\/\/covid-19care.org\/?product=khau-trang-vai-khang-khuan-protech#breadcrumb"},"inLanguage":"en-US","potentialAction":[{"@type":"ReadAction","target":["https:\/\/covid-19care.org\/?product=khau-trang-vai-khang-khuan-protech"]}]},{"@type":"BreadcrumbList","@id":"https:\/\/covid-19care.org\/?product=khau-trang-vai-khang-khuan-protech#breadcrumb","itemListElement":[{"@type":"ListItem","position":1,"name":"Home","item":"https:\/\/covid-19care.org\/"},{"@type":"ListItem","position":2,"name":"Shop","item":"https:\/\/covid-19care.org\/?page_id=51"},{"@type":"ListItem","position":3,"name":"Kh\u1ea9u trang v\u1ea3i kh\u00e1ng khu\u1ea9n PROTECH"}]}]}},"_links":{"self":[{"href":"https:\/\/covid-19care.org\/index.php?rest_route=\/wp\/v2\/product\/16998","targetHints":{"allow":["GET"]}}],"collection":[{"href":"https:\/\/covid-19care.org\/index.php?rest_route=\/wp\/v2\/product"}],"about":[{"href":"https:\/\/covid-19care.org\/index.php?rest_route=\/wp\/v2\/types\/product"}],"replies":[{"embeddable":true,"href":"https:\/\/covid-19care.org\/index.php?rest_route=%2Fwp%2Fv2%2Fcomments&post=16998"}],"wp:featuredmedia":[{"embeddable":true,"href":"https:\/\/covid-19care.org\/index.php?rest_route=\/wp\/v2\/media\/18501"}],"wp:attachment":[{"href":"https:\/\/covid-19care.org\/index.php?rest_route=%2Fwp%2Fv2%2Fmedia&parent=16998"}],"wp:term":[{"taxonomy":"product_cat","embeddable":true,"href":"https:\/\/covid-19care.org\/index.php?rest_route=%2Fwp%2Fv2%2Fproduct_cat&post=16998"},{"taxonomy":"product_tag","embeddable":true,"href":"https:\/\/covid-19care.org\/index.php?rest_route=%2Fwp%2Fv2%2Fproduct_tag&post=16998"}],"curies":[{"name":"wp","href":"https:\/\/api.w.org\/{rel}","templated":true}]}}