{"id":17109,"date":"2020-09-03T10:20:04","date_gmt":"2020-09-03T10:20:04","guid":{"rendered":"https:\/\/covid-19care.org\/?post_type=product&#038;p=17109"},"modified":"2025-06-09T03:48:30","modified_gmt":"2025-06-09T03:48:30","slug":"khau-trang-n95-honeywell-h910-plus","status":"publish","type":"product","link":"https:\/\/covid-19care.org\/?product=khau-trang-n95-honeywell-h910-plus","title":{"rendered":"Kh\u1ea9u trang N95 Honeywell H910 Plus"},"content":{"rendered":"<p>[vc_row][vc_column][vc_column_text]Kh\u1ea9u trang Honeywell H910Plus \u0111\u1ea1t ti\u00eau chu\u1ea9n N95 s\u1eed d\u1ee5ng ph\u1ed5 bi\u1ebfn trong ph\u00f2ng ch\u1ed1ng d\u1ecbch v\u00e0 \u00f4 nhi\u1ec5m m\u00f4i tr\u01b0\u1eddng, c\u1ea3n b\u1ee5i m\u1ecbn, virus PM2.5<\/p>\n<ul>\n<li>Kh\u1ea9u trang s\u1eed d\u1ee5ng d\u00e2y \u0111eo qua \u0111\u1ea7u chuy\u00ean d\u1ee5ng.<\/li>\n<li>D\u00f9ng tho\u1ea3i m\u00e1i, KH\u00d4NG \u0110AU TAI khi ph\u1ea3i \u0111eo trong th\u1eddi gian d\u00e0i<\/li>\n<li>C\u1ea5u t\u1ea1o g\u1ed3m m\u00e0ng l\u1ecdc ti\u00eau chu\u1ea9n N95 gi\u00fap b\u1ea3o v\u1ec7 h\u1ec7 h\u00f4 h\u1ea5p hi\u1ec7u qu\u1ea3, kh\u1ea3 n\u0103ng l\u1ecdc t\u1ed1i thi\u1ec3u 95% b\u1ee5i si\u00eau m\u1ecbn PM2.5<\/li>\n<li>Thi\u1ebft k\u1ebf kh\u1ea9u trang ch\u1ed1ng \u0111\u1ed9c Honeywell H910Plus \u00f4m kh\u00edt v\u1edbi nhi\u1ec1u k\u00edch th\u01b0\u1edbc khu\u00f4n m\u1eb7t kh\u00e1c nhau.<\/li>\n<li>D\u00e2y \u0111eo b\u1eb1ng thun v\u00e0 n\u1eb9p \u0111i\u1ec1u ch\u1ec9nh b\u1eb1ng kim lo\u1ea1i gi\u00fap d\u1ec5 d\u00e0ng \u0111i\u1ec1u ch\u1ec9nh cho kh\u1ea9u trang \u00f4m s\u00e1t m\u1eb7t.<\/li>\n<li>T\u01b0\u01a1ng th\u00edch v\u1edbi c\u00e1c lo\u1ea1i k\u00ednh b\u1ea3o h\u1ed9 v\u00e0 thi\u1ebft b\u1ecb b\u1ea3o v\u1ec7 th\u00ednh gi\u00e1c n\u00ean khi k\u1ebft h\u1ee3p \u0111em l\u1ea1i hi\u1ec7u qu\u1ea3 cao.<\/li>\n<\/ul>\n<p>[\/vc_column_text][\/vc_column][\/vc_row]<\/p>\n","protected":false},"excerpt":{"rendered":"<ul class=\"ul-style check\">\n<li>Th\u01b0\u01a1ng hi\u1ec7u: Honeywell \u2013 M\u1ef9<\/li>\n<li>Xu\u1ea5t x\u1ee9: Trung Qu\u1ed1c<\/li>\n<li>C\u1ea5u t\u1ea1o\/Ch\u1ea5t li\u1ec7u: Gi\u1ea5y s\u1ee3i ho\u1ea1t t\u00ednh, m\u00e0ng l\u1ecdc t\u0129nh \u0111i\u1ec7n, d\u00e2y \u0111eo b\u1eb1ng d\u00e2y thun<\/li>\n<li>Ti\u00eau chu\u1ea9n: NIOSH N95, EN 143:2000<\/li>\n<\/ul>\n","protected":false},"featured_media":18490,"comment_status":"closed","ping_status":"closed","template":"","meta":[],"product_cat":[107],"product_tag":[138],"class_list":{"0":"post-17109","1":"product","2":"type-product","3":"status-publish","4":"has-post-thumbnail","6":"product_cat-khau-trang","7":"product_tag-khau-trang_honeywell","8":"ts_product_brand-honeywell","10":"first","11":"instock","12":"shipping-taxable","13":"product-type-simple"},"yoast_head":"<!-- This site is optimized with the Yoast SEO Premium plugin v17.1.2 (Yoast SEO v17.1) - https:\/\/yoast.com\/wordpress\/plugins\/seo\/ -->\n<title>Covid-19 Care &raquo; Kh\u1ea9u trang N95 Honeywell H910 Plus<\/title>\n<meta name=\"description\" content=\"Covid-19Care.com thu\u1ed9c h\u1ec7 th\u1ed1ng cung c\u1ea5p thi\u1ebft b\u1ecb ph\u00f2ng d\u1ecbch c\u1ee7a c\u00f4ng ty T\u01af\u1edcNG KHOA, chuy\u00ean \u0111\u1ed3 ph\u00f2ng d\u1ecbch v\u00e0 BHL\u0110 h\u00e0ng \u0111\u1ea7u Vi\u1ec7t Nam.\" \/>\n<meta name=\"robots\" content=\"index, follow, max-snippet:-1, max-image-preview:large, max-video-preview:-1\" \/>\n<link rel=\"canonical\" href=\"https:\/\/covid-19care.org\/?product=khau-trang-n95-honeywell-h910-plus\" \/>\n<meta property=\"og:locale\" content=\"en_US\" \/>\n<meta property=\"og:type\" content=\"article\" \/>\n<meta property=\"og:title\" content=\"Covid-19 Care &raquo; Kh\u1ea9u trang N95 Honeywell H910 Plus\" \/>\n<meta property=\"og:description\" content=\"Covid-19Care.com thu\u1ed9c h\u1ec7 th\u1ed1ng cung c\u1ea5p thi\u1ebft b\u1ecb ph\u00f2ng d\u1ecbch c\u1ee7a c\u00f4ng ty T\u01af\u1edcNG KHOA, chuy\u00ean \u0111\u1ed3 ph\u00f2ng d\u1ecbch v\u00e0 BHL\u0110 h\u00e0ng \u0111\u1ea7u Vi\u1ec7t Nam.\" \/>\n<meta property=\"og:url\" content=\"https:\/\/covid-19care.org\/?product=khau-trang-n95-honeywell-h910-plus\" \/>\n<meta property=\"og:site_name\" content=\"Covid-19 Care\" \/>\n<meta property=\"article:publisher\" content=\"https:\/\/www.facebook.com\/healthcarevietnam.org\" \/>\n<meta property=\"article:modified_time\" content=\"2025-06-09T03:48:30+00:00\" \/>\n<meta property=\"og:image\" content=\"https:\/\/covid-19care.org\/wp-content\/uploads\/2020\/09\/Healthcarevietnam.com-Honeywell-mask.jpg\" \/>\n\t<meta property=\"og:image:width\" content=\"600\" \/>\n\t<meta property=\"og:image:height\" content=\"600\" \/>\n<meta name=\"twitter:card\" content=\"summary_large_image\" \/>\n<meta name=\"twitter:label1\" content=\"Est. reading time\" \/>\n\t<meta name=\"twitter:data1\" content=\"1 minute\" \/>\n<script type=\"application\/ld+json\" class=\"yoast-schema-graph\">{\"@context\":\"https:\/\/schema.org\",\"@graph\":[{\"@type\":\"Organization\",\"@id\":\"https:\/\/covid-19care.org\/#organization\",\"name\":\"Covid-19Care Vietnam\",\"url\":\"https:\/\/covid-19care.org\/\",\"sameAs\":[\"https:\/\/www.facebook.com\/healthcarevietnam.org\",\"https:\/\/www.linkedin.com\/company\/tksafety\/\",\"https:\/\/www.youtube.com\/channel\/UCfY_XOMwTRztJNUdvIbrfsg\/about\"],\"logo\":{\"@type\":\"ImageObject\",\"@id\":\"https:\/\/covid-19care.org\/#logo\",\"inLanguage\":\"en-US\",\"url\":\"https:\/\/covid-19care.org\/wp-content\/uploads\/2021\/11\/Covid-19care.com-SEO.png\",\"contentUrl\":\"https:\/\/covid-19care.org\/wp-content\/uploads\/2021\/11\/Covid-19care.com-SEO.png\",\"width\":200,\"height\":200,\"caption\":\"Covid-19Care Vietnam\"},\"image\":{\"@id\":\"https:\/\/covid-19care.org\/#logo\"}},{\"@type\":\"WebSite\",\"@id\":\"https:\/\/covid-19care.org\/#website\",\"url\":\"https:\/\/covid-19care.org\/\",\"name\":\"Covid-19 Care\",\"description\":\"Public Health Protection\",\"publisher\":{\"@id\":\"https:\/\/covid-19care.org\/#organization\"},\"potentialAction\":[{\"@type\":\"SearchAction\",\"target\":{\"@type\":\"EntryPoint\",\"urlTemplate\":\"https:\/\/covid-19care.org\/?s={search_term_string}\"},\"query-input\":\"required name=search_term_string\"}],\"inLanguage\":\"en-US\"},{\"@type\":\"ImageObject\",\"@id\":\"https:\/\/covid-19care.org\/?product=khau-trang-n95-honeywell-h910-plus#primaryimage\",\"inLanguage\":\"en-US\",\"url\":\"https:\/\/covid-19care.org\/wp-content\/uploads\/2020\/09\/Healthcarevietnam.com-Honeywell-mask.jpg\",\"contentUrl\":\"https:\/\/covid-19care.org\/wp-content\/uploads\/2020\/09\/Healthcarevietnam.com-Honeywell-mask.jpg\",\"width\":600,\"height\":600},{\"@type\":\"WebPage\",\"@id\":\"https:\/\/covid-19care.org\/?product=khau-trang-n95-honeywell-h910-plus#webpage\",\"url\":\"https:\/\/covid-19care.org\/?product=khau-trang-n95-honeywell-h910-plus\",\"name\":\"Covid-19 Care &raquo; Kh\\u1ea9u trang N95 Honeywell H910 Plus\",\"isPartOf\":{\"@id\":\"https:\/\/covid-19care.org\/#website\"},\"primaryImageOfPage\":{\"@id\":\"https:\/\/covid-19care.org\/?product=khau-trang-n95-honeywell-h910-plus#primaryimage\"},\"datePublished\":\"2020-09-03T10:20:04+00:00\",\"dateModified\":\"2025-06-09T03:48:30+00:00\",\"description\":\"Covid-19Care.com thu\\u1ed9c h\\u1ec7 th\\u1ed1ng cung c\\u1ea5p thi\\u1ebft b\\u1ecb ph\\u00f2ng d\\u1ecbch c\\u1ee7a c\\u00f4ng ty T\\u01af\\u1edcNG KHOA, chuy\\u00ean \\u0111\\u1ed3 ph\\u00f2ng d\\u1ecbch v\\u00e0 BHL\\u0110 h\\u00e0ng \\u0111\\u1ea7u Vi\\u1ec7t Nam.\",\"breadcrumb\":{\"@id\":\"https:\/\/covid-19care.org\/?product=khau-trang-n95-honeywell-h910-plus#breadcrumb\"},\"inLanguage\":\"en-US\",\"potentialAction\":[{\"@type\":\"ReadAction\",\"target\":[\"https:\/\/covid-19care.org\/?product=khau-trang-n95-honeywell-h910-plus\"]}]},{\"@type\":\"BreadcrumbList\",\"@id\":\"https:\/\/covid-19care.org\/?product=khau-trang-n95-honeywell-h910-plus#breadcrumb\",\"itemListElement\":[{\"@type\":\"ListItem\",\"position\":1,\"name\":\"Home\",\"item\":\"https:\/\/covid-19care.org\/\"},{\"@type\":\"ListItem\",\"position\":2,\"name\":\"Shop\",\"item\":\"https:\/\/covid-19care.org\/?page_id=51\"},{\"@type\":\"ListItem\",\"position\":3,\"name\":\"Kh\\u1ea9u trang N95 Honeywell H910 Plus\"}]}]}<\/script>\n<!-- \/ Yoast SEO Premium plugin. -->","yoast_head_json":{"title":"Covid-19 Care &raquo; Kh\u1ea9u trang N95 Honeywell H910 Plus","description":"Covid-19Care.com thu\u1ed9c h\u1ec7 th\u1ed1ng cung c\u1ea5p thi\u1ebft b\u1ecb ph\u00f2ng d\u1ecbch c\u1ee7a c\u00f4ng ty T\u01af\u1edcNG KHOA, chuy\u00ean \u0111\u1ed3 ph\u00f2ng d\u1ecbch v\u00e0 BHL\u0110 h\u00e0ng \u0111\u1ea7u Vi\u1ec7t Nam.","robots":{"index":"index","follow":"follow","max-snippet":"max-snippet:-1","max-image-preview":"max-image-preview:large","max-video-preview":"max-video-preview:-1"},"canonical":"https:\/\/covid-19care.org\/?product=khau-trang-n95-honeywell-h910-plus","og_locale":"en_US","og_type":"article","og_title":"Covid-19 Care &raquo; Kh\u1ea9u trang N95 Honeywell H910 Plus","og_description":"Covid-19Care.com thu\u1ed9c h\u1ec7 th\u1ed1ng cung c\u1ea5p thi\u1ebft b\u1ecb ph\u00f2ng d\u1ecbch c\u1ee7a c\u00f4ng ty T\u01af\u1edcNG KHOA, chuy\u00ean \u0111\u1ed3 ph\u00f2ng d\u1ecbch v\u00e0 BHL\u0110 h\u00e0ng \u0111\u1ea7u Vi\u1ec7t Nam.","og_url":"https:\/\/covid-19care.org\/?product=khau-trang-n95-honeywell-h910-plus","og_site_name":"Covid-19 Care","article_publisher":"https:\/\/www.facebook.com\/healthcarevietnam.org","article_modified_time":"2025-06-09T03:48:30+00:00","og_image":[{"width":600,"height":600,"url":"https:\/\/covid-19care.org\/wp-content\/uploads\/2020\/09\/Healthcarevietnam.com-Honeywell-mask.jpg","path":"\/home\/covidorg\/domains\/covid-19care.org\/public_html\/wp-content\/uploads\/2020\/09\/Healthcarevietnam.com-Honeywell-mask.jpg","size":"full","id":18490,"alt":"","pixels":360000,"type":"image\/jpeg"}],"twitter_card":"summary_large_image","twitter_misc":{"Est. reading time":"1 minute"},"schema":{"@context":"https:\/\/schema.org","@graph":[{"@type":"Organization","@id":"https:\/\/covid-19care.org\/#organization","name":"Covid-19Care Vietnam","url":"https:\/\/covid-19care.org\/","sameAs":["https:\/\/www.facebook.com\/healthcarevietnam.org","https:\/\/www.linkedin.com\/company\/tksafety\/","https:\/\/www.youtube.com\/channel\/UCfY_XOMwTRztJNUdvIbrfsg\/about"],"logo":{"@type":"ImageObject","@id":"https:\/\/covid-19care.org\/#logo","inLanguage":"en-US","url":"https:\/\/covid-19care.org\/wp-content\/uploads\/2021\/11\/Covid-19care.com-SEO.png","contentUrl":"https:\/\/covid-19care.org\/wp-content\/uploads\/2021\/11\/Covid-19care.com-SEO.png","width":200,"height":200,"caption":"Covid-19Care Vietnam"},"image":{"@id":"https:\/\/covid-19care.org\/#logo"}},{"@type":"WebSite","@id":"https:\/\/covid-19care.org\/#website","url":"https:\/\/covid-19care.org\/","name":"Covid-19 Care","description":"Public Health Protection","publisher":{"@id":"https:\/\/covid-19care.org\/#organization"},"potentialAction":[{"@type":"SearchAction","target":{"@type":"EntryPoint","urlTemplate":"https:\/\/covid-19care.org\/?s={search_term_string}"},"query-input":"required name=search_term_string"}],"inLanguage":"en-US"},{"@type":"ImageObject","@id":"https:\/\/covid-19care.org\/?product=khau-trang-n95-honeywell-h910-plus#primaryimage","inLanguage":"en-US","url":"https:\/\/covid-19care.org\/wp-content\/uploads\/2020\/09\/Healthcarevietnam.com-Honeywell-mask.jpg","contentUrl":"https:\/\/covid-19care.org\/wp-content\/uploads\/2020\/09\/Healthcarevietnam.com-Honeywell-mask.jpg","width":600,"height":600},{"@type":"WebPage","@id":"https:\/\/covid-19care.org\/?product=khau-trang-n95-honeywell-h910-plus#webpage","url":"https:\/\/covid-19care.org\/?product=khau-trang-n95-honeywell-h910-plus","name":"Covid-19 Care &raquo; Kh\u1ea9u trang N95 Honeywell H910 Plus","isPartOf":{"@id":"https:\/\/covid-19care.org\/#website"},"primaryImageOfPage":{"@id":"https:\/\/covid-19care.org\/?product=khau-trang-n95-honeywell-h910-plus#primaryimage"},"datePublished":"2020-09-03T10:20:04+00:00","dateModified":"2025-06-09T03:48:30+00:00","description":"Covid-19Care.com thu\u1ed9c h\u1ec7 th\u1ed1ng cung c\u1ea5p thi\u1ebft b\u1ecb ph\u00f2ng d\u1ecbch c\u1ee7a c\u00f4ng ty T\u01af\u1edcNG KHOA, chuy\u00ean \u0111\u1ed3 ph\u00f2ng d\u1ecbch v\u00e0 BHL\u0110 h\u00e0ng \u0111\u1ea7u Vi\u1ec7t Nam.","breadcrumb":{"@id":"https:\/\/covid-19care.org\/?product=khau-trang-n95-honeywell-h910-plus#breadcrumb"},"inLanguage":"en-US","potentialAction":[{"@type":"ReadAction","target":["https:\/\/covid-19care.org\/?product=khau-trang-n95-honeywell-h910-plus"]}]},{"@type":"BreadcrumbList","@id":"https:\/\/covid-19care.org\/?product=khau-trang-n95-honeywell-h910-plus#breadcrumb","itemListElement":[{"@type":"ListItem","position":1,"name":"Home","item":"https:\/\/covid-19care.org\/"},{"@type":"ListItem","position":2,"name":"Shop","item":"https:\/\/covid-19care.org\/?page_id=51"},{"@type":"ListItem","position":3,"name":"Kh\u1ea9u trang N95 Honeywell H910 Plus"}]}]}},"_links":{"self":[{"href":"https:\/\/covid-19care.org\/index.php?rest_route=\/wp\/v2\/product\/17109","targetHints":{"allow":["GET"]}}],"collection":[{"href":"https:\/\/covid-19care.org\/index.php?rest_route=\/wp\/v2\/product"}],"about":[{"href":"https:\/\/covid-19care.org\/index.php?rest_route=\/wp\/v2\/types\/product"}],"replies":[{"embeddable":true,"href":"https:\/\/covid-19care.org\/index.php?rest_route=%2Fwp%2Fv2%2Fcomments&post=17109"}],"wp:featuredmedia":[{"embeddable":true,"href":"https:\/\/covid-19care.org\/index.php?rest_route=\/wp\/v2\/media\/18490"}],"wp:attachment":[{"href":"https:\/\/covid-19care.org\/index.php?rest_route=%2Fwp%2Fv2%2Fmedia&parent=17109"}],"wp:term":[{"taxonomy":"product_cat","embeddable":true,"href":"https:\/\/covid-19care.org\/index.php?rest_route=%2Fwp%2Fv2%2Fproduct_cat&post=17109"},{"taxonomy":"product_tag","embeddable":true,"href":"https:\/\/covid-19care.org\/index.php?rest_route=%2Fwp%2Fv2%2Fproduct_tag&post=17109"}],"curies":[{"name":"wp","href":"https:\/\/api.w.org\/{rel}","templated":true}]}}