{"id":18212,"date":"2021-09-03T10:20:04","date_gmt":"2021-09-03T10:20:04","guid":{"rendered":"https:\/\/covid-19care.org\/?post_type=product&#038;p=17109"},"modified":"2025-06-09T03:48:30","modified_gmt":"2025-06-09T03:48:30","slug":"khau-trang-benehal-n95-ms6115l","status":"publish","type":"product","link":"https:\/\/covid-19care.org\/?product=khau-trang-benehal-n95-ms6115l","title":{"rendered":"Kh\u1ea9u trang Benehal N95 MS6115L"},"content":{"rendered":"<p>[vc_row][vc_column][vc_column_text]Quy c\u00e1ch \u0111\u00f3ng g\u00f3i:<\/p>\n<ul>\n<li><strong>20 c\u00e1i\/h\u1ed9p.\u00a0<\/strong><\/li>\n<li><strong>20 h\u1ed9p\/th\u00f9ng\u00a0<\/strong><\/li>\n<\/ul>\n<p>[\/vc_column_text][\/vc_column][\/vc_row]<\/p>\n","protected":false},"excerpt":{"rendered":"<ul>\n<li>Ti\u00eau chu\u1ea9n NIOSH N95<\/li>\n<li>Ch\u1ea5t li\u1ec7u: V\u1ea3i kh\u00f4ng d\u1ec7t<\/li>\n<li>Thi\u1ebft k\u1ebf \u0111eo qua \u0111\u1ea7u, m\u00e0u tr\u1eafng.<br \/>\n\u0110\u00f3ng g\u00f3i: 20 chi\u1ebfc\/h\u1ed9p, 20 h\u1ed9p\/th\u00f9ng<\/li>\n<\/ul>\n","protected":false},"featured_media":18493,"comment_status":"closed","ping_status":"closed","template":"","meta":[],"product_cat":[107],"product_tag":[140],"class_list":{"0":"post-18212","1":"product","2":"type-product","3":"status-publish","4":"has-post-thumbnail","6":"product_cat-khau-trang","7":"product_tag-khau_trang_benehal","9":"first","10":"instock","11":"shipping-taxable","12":"product-type-simple"},"yoast_head":"<!-- This site is optimized with the Yoast SEO Premium plugin v17.1.2 (Yoast SEO v17.1) - https:\/\/yoast.com\/wordpress\/plugins\/seo\/ -->\n<title>Covid-19 Care &raquo; Kh\u1ea9u trang Benehal N95 MS6115L<\/title>\n<meta name=\"description\" content=\"Covid-19Care.com thu\u1ed9c h\u1ec7 th\u1ed1ng cung c\u1ea5p thi\u1ebft b\u1ecb ph\u00f2ng d\u1ecbch c\u1ee7a c\u00f4ng ty T\u01af\u1edcNG KHOA, chuy\u00ean \u0111\u1ed3 ph\u00f2ng d\u1ecbch v\u00e0 BHL\u0110 h\u00e0ng \u0111\u1ea7u Vi\u1ec7t Nam.\" \/>\n<meta name=\"robots\" content=\"index, follow, max-snippet:-1, max-image-preview:large, max-video-preview:-1\" \/>\n<link rel=\"canonical\" href=\"https:\/\/covid-19care.org\/?product=khau-trang-benehal-n95-ms6115l\" \/>\n<meta property=\"og:locale\" content=\"en_US\" \/>\n<meta property=\"og:type\" content=\"article\" \/>\n<meta property=\"og:title\" content=\"Covid-19 Care &raquo; Kh\u1ea9u trang Benehal N95 MS6115L\" \/>\n<meta property=\"og:description\" content=\"Covid-19Care.com thu\u1ed9c h\u1ec7 th\u1ed1ng cung c\u1ea5p thi\u1ebft b\u1ecb ph\u00f2ng d\u1ecbch c\u1ee7a c\u00f4ng ty T\u01af\u1edcNG KHOA, chuy\u00ean \u0111\u1ed3 ph\u00f2ng d\u1ecbch v\u00e0 BHL\u0110 h\u00e0ng \u0111\u1ea7u Vi\u1ec7t Nam.\" \/>\n<meta property=\"og:url\" content=\"https:\/\/covid-19care.org\/?product=khau-trang-benehal-n95-ms6115l\" \/>\n<meta property=\"og:site_name\" content=\"Covid-19 Care\" \/>\n<meta property=\"article:publisher\" content=\"https:\/\/www.facebook.com\/healthcarevietnam.org\" \/>\n<meta property=\"article:modified_time\" content=\"2025-06-09T03:48:30+00:00\" \/>\n<meta property=\"og:image\" content=\"https:\/\/covid-19care.org\/wp-content\/uploads\/2021\/09\/Healthcarevietnam.com-Benehal-N95-MS6115L.jpg\" \/>\n\t<meta property=\"og:image:width\" content=\"600\" \/>\n\t<meta property=\"og:image:height\" content=\"600\" \/>\n<meta name=\"twitter:card\" content=\"summary_large_image\" \/>\n<script type=\"application\/ld+json\" class=\"yoast-schema-graph\">{\"@context\":\"https:\/\/schema.org\",\"@graph\":[{\"@type\":\"Organization\",\"@id\":\"https:\/\/covid-19care.org\/#organization\",\"name\":\"Covid-19Care Vietnam\",\"url\":\"https:\/\/covid-19care.org\/\",\"sameAs\":[\"https:\/\/www.facebook.com\/healthcarevietnam.org\",\"https:\/\/www.linkedin.com\/company\/tksafety\/\",\"https:\/\/www.youtube.com\/channel\/UCfY_XOMwTRztJNUdvIbrfsg\/about\"],\"logo\":{\"@type\":\"ImageObject\",\"@id\":\"https:\/\/covid-19care.org\/#logo\",\"inLanguage\":\"en-US\",\"url\":\"https:\/\/covid-19care.org\/wp-content\/uploads\/2021\/11\/Covid-19care.com-SEO.png\",\"contentUrl\":\"https:\/\/covid-19care.org\/wp-content\/uploads\/2021\/11\/Covid-19care.com-SEO.png\",\"width\":200,\"height\":200,\"caption\":\"Covid-19Care Vietnam\"},\"image\":{\"@id\":\"https:\/\/covid-19care.org\/#logo\"}},{\"@type\":\"WebSite\",\"@id\":\"https:\/\/covid-19care.org\/#website\",\"url\":\"https:\/\/covid-19care.org\/\",\"name\":\"Covid-19 Care\",\"description\":\"Public Health Protection\",\"publisher\":{\"@id\":\"https:\/\/covid-19care.org\/#organization\"},\"potentialAction\":[{\"@type\":\"SearchAction\",\"target\":{\"@type\":\"EntryPoint\",\"urlTemplate\":\"https:\/\/covid-19care.org\/?s={search_term_string}\"},\"query-input\":\"required name=search_term_string\"}],\"inLanguage\":\"en-US\"},{\"@type\":\"ImageObject\",\"@id\":\"https:\/\/covid-19care.org\/?product=khau-trang-benehal-n95-ms6115l#primaryimage\",\"inLanguage\":\"en-US\",\"url\":\"https:\/\/covid-19care.org\/wp-content\/uploads\/2021\/09\/Healthcarevietnam.com-Benehal-N95-MS6115L.jpg\",\"contentUrl\":\"https:\/\/covid-19care.org\/wp-content\/uploads\/2021\/09\/Healthcarevietnam.com-Benehal-N95-MS6115L.jpg\",\"width\":600,\"height\":600},{\"@type\":\"WebPage\",\"@id\":\"https:\/\/covid-19care.org\/?product=khau-trang-benehal-n95-ms6115l#webpage\",\"url\":\"https:\/\/covid-19care.org\/?product=khau-trang-benehal-n95-ms6115l\",\"name\":\"Covid-19 Care &raquo; Kh\\u1ea9u trang Benehal N95 MS6115L\",\"isPartOf\":{\"@id\":\"https:\/\/covid-19care.org\/#website\"},\"primaryImageOfPage\":{\"@id\":\"https:\/\/covid-19care.org\/?product=khau-trang-benehal-n95-ms6115l#primaryimage\"},\"datePublished\":\"2021-09-03T10:20:04+00:00\",\"dateModified\":\"2025-06-09T03:48:30+00:00\",\"description\":\"Covid-19Care.com thu\\u1ed9c h\\u1ec7 th\\u1ed1ng cung c\\u1ea5p thi\\u1ebft b\\u1ecb ph\\u00f2ng d\\u1ecbch c\\u1ee7a c\\u00f4ng ty T\\u01af\\u1edcNG KHOA, chuy\\u00ean \\u0111\\u1ed3 ph\\u00f2ng d\\u1ecbch v\\u00e0 BHL\\u0110 h\\u00e0ng \\u0111\\u1ea7u Vi\\u1ec7t Nam.\",\"breadcrumb\":{\"@id\":\"https:\/\/covid-19care.org\/?product=khau-trang-benehal-n95-ms6115l#breadcrumb\"},\"inLanguage\":\"en-US\",\"potentialAction\":[{\"@type\":\"ReadAction\",\"target\":[\"https:\/\/covid-19care.org\/?product=khau-trang-benehal-n95-ms6115l\"]}]},{\"@type\":\"BreadcrumbList\",\"@id\":\"https:\/\/covid-19care.org\/?product=khau-trang-benehal-n95-ms6115l#breadcrumb\",\"itemListElement\":[{\"@type\":\"ListItem\",\"position\":1,\"name\":\"Home\",\"item\":\"https:\/\/covid-19care.org\/\"},{\"@type\":\"ListItem\",\"position\":2,\"name\":\"Shop\",\"item\":\"https:\/\/covid-19care.org\/?page_id=51\"},{\"@type\":\"ListItem\",\"position\":3,\"name\":\"Kh\\u1ea9u trang Benehal N95 MS6115L\"}]}]}<\/script>\n<!-- \/ Yoast SEO Premium plugin. -->","yoast_head_json":{"title":"Covid-19 Care &raquo; Kh\u1ea9u trang Benehal N95 MS6115L","description":"Covid-19Care.com thu\u1ed9c h\u1ec7 th\u1ed1ng cung c\u1ea5p thi\u1ebft b\u1ecb ph\u00f2ng d\u1ecbch c\u1ee7a c\u00f4ng ty T\u01af\u1edcNG KHOA, chuy\u00ean \u0111\u1ed3 ph\u00f2ng d\u1ecbch v\u00e0 BHL\u0110 h\u00e0ng \u0111\u1ea7u Vi\u1ec7t Nam.","robots":{"index":"index","follow":"follow","max-snippet":"max-snippet:-1","max-image-preview":"max-image-preview:large","max-video-preview":"max-video-preview:-1"},"canonical":"https:\/\/covid-19care.org\/?product=khau-trang-benehal-n95-ms6115l","og_locale":"en_US","og_type":"article","og_title":"Covid-19 Care &raquo; Kh\u1ea9u trang Benehal N95 MS6115L","og_description":"Covid-19Care.com thu\u1ed9c h\u1ec7 th\u1ed1ng cung c\u1ea5p thi\u1ebft b\u1ecb ph\u00f2ng d\u1ecbch c\u1ee7a c\u00f4ng ty T\u01af\u1edcNG KHOA, chuy\u00ean \u0111\u1ed3 ph\u00f2ng d\u1ecbch v\u00e0 BHL\u0110 h\u00e0ng \u0111\u1ea7u Vi\u1ec7t Nam.","og_url":"https:\/\/covid-19care.org\/?product=khau-trang-benehal-n95-ms6115l","og_site_name":"Covid-19 Care","article_publisher":"https:\/\/www.facebook.com\/healthcarevietnam.org","article_modified_time":"2025-06-09T03:48:30+00:00","og_image":[{"width":600,"height":600,"url":"https:\/\/covid-19care.org\/wp-content\/uploads\/2021\/09\/Healthcarevietnam.com-Benehal-N95-MS6115L.jpg","path":"\/home\/covidorg\/domains\/covid-19care.org\/public_html\/wp-content\/uploads\/2021\/09\/Healthcarevietnam.com-Benehal-N95-MS6115L.jpg","size":"full","id":18493,"alt":"","pixels":360000,"type":"image\/jpeg"}],"twitter_card":"summary_large_image","schema":{"@context":"https:\/\/schema.org","@graph":[{"@type":"Organization","@id":"https:\/\/covid-19care.org\/#organization","name":"Covid-19Care Vietnam","url":"https:\/\/covid-19care.org\/","sameAs":["https:\/\/www.facebook.com\/healthcarevietnam.org","https:\/\/www.linkedin.com\/company\/tksafety\/","https:\/\/www.youtube.com\/channel\/UCfY_XOMwTRztJNUdvIbrfsg\/about"],"logo":{"@type":"ImageObject","@id":"https:\/\/covid-19care.org\/#logo","inLanguage":"en-US","url":"https:\/\/covid-19care.org\/wp-content\/uploads\/2021\/11\/Covid-19care.com-SEO.png","contentUrl":"https:\/\/covid-19care.org\/wp-content\/uploads\/2021\/11\/Covid-19care.com-SEO.png","width":200,"height":200,"caption":"Covid-19Care Vietnam"},"image":{"@id":"https:\/\/covid-19care.org\/#logo"}},{"@type":"WebSite","@id":"https:\/\/covid-19care.org\/#website","url":"https:\/\/covid-19care.org\/","name":"Covid-19 Care","description":"Public Health Protection","publisher":{"@id":"https:\/\/covid-19care.org\/#organization"},"potentialAction":[{"@type":"SearchAction","target":{"@type":"EntryPoint","urlTemplate":"https:\/\/covid-19care.org\/?s={search_term_string}"},"query-input":"required name=search_term_string"}],"inLanguage":"en-US"},{"@type":"ImageObject","@id":"https:\/\/covid-19care.org\/?product=khau-trang-benehal-n95-ms6115l#primaryimage","inLanguage":"en-US","url":"https:\/\/covid-19care.org\/wp-content\/uploads\/2021\/09\/Healthcarevietnam.com-Benehal-N95-MS6115L.jpg","contentUrl":"https:\/\/covid-19care.org\/wp-content\/uploads\/2021\/09\/Healthcarevietnam.com-Benehal-N95-MS6115L.jpg","width":600,"height":600},{"@type":"WebPage","@id":"https:\/\/covid-19care.org\/?product=khau-trang-benehal-n95-ms6115l#webpage","url":"https:\/\/covid-19care.org\/?product=khau-trang-benehal-n95-ms6115l","name":"Covid-19 Care &raquo; Kh\u1ea9u trang Benehal N95 MS6115L","isPartOf":{"@id":"https:\/\/covid-19care.org\/#website"},"primaryImageOfPage":{"@id":"https:\/\/covid-19care.org\/?product=khau-trang-benehal-n95-ms6115l#primaryimage"},"datePublished":"2021-09-03T10:20:04+00:00","dateModified":"2025-06-09T03:48:30+00:00","description":"Covid-19Care.com thu\u1ed9c h\u1ec7 th\u1ed1ng cung c\u1ea5p thi\u1ebft b\u1ecb ph\u00f2ng d\u1ecbch c\u1ee7a c\u00f4ng ty T\u01af\u1edcNG KHOA, chuy\u00ean \u0111\u1ed3 ph\u00f2ng d\u1ecbch v\u00e0 BHL\u0110 h\u00e0ng \u0111\u1ea7u Vi\u1ec7t Nam.","breadcrumb":{"@id":"https:\/\/covid-19care.org\/?product=khau-trang-benehal-n95-ms6115l#breadcrumb"},"inLanguage":"en-US","potentialAction":[{"@type":"ReadAction","target":["https:\/\/covid-19care.org\/?product=khau-trang-benehal-n95-ms6115l"]}]},{"@type":"BreadcrumbList","@id":"https:\/\/covid-19care.org\/?product=khau-trang-benehal-n95-ms6115l#breadcrumb","itemListElement":[{"@type":"ListItem","position":1,"name":"Home","item":"https:\/\/covid-19care.org\/"},{"@type":"ListItem","position":2,"name":"Shop","item":"https:\/\/covid-19care.org\/?page_id=51"},{"@type":"ListItem","position":3,"name":"Kh\u1ea9u trang Benehal N95 MS6115L"}]}]}},"_links":{"self":[{"href":"https:\/\/covid-19care.org\/index.php?rest_route=\/wp\/v2\/product\/18212","targetHints":{"allow":["GET"]}}],"collection":[{"href":"https:\/\/covid-19care.org\/index.php?rest_route=\/wp\/v2\/product"}],"about":[{"href":"https:\/\/covid-19care.org\/index.php?rest_route=\/wp\/v2\/types\/product"}],"replies":[{"embeddable":true,"href":"https:\/\/covid-19care.org\/index.php?rest_route=%2Fwp%2Fv2%2Fcomments&post=18212"}],"wp:featuredmedia":[{"embeddable":true,"href":"https:\/\/covid-19care.org\/index.php?rest_route=\/wp\/v2\/media\/18493"}],"wp:attachment":[{"href":"https:\/\/covid-19care.org\/index.php?rest_route=%2Fwp%2Fv2%2Fmedia&parent=18212"}],"wp:term":[{"taxonomy":"product_cat","embeddable":true,"href":"https:\/\/covid-19care.org\/index.php?rest_route=%2Fwp%2Fv2%2Fproduct_cat&post=18212"},{"taxonomy":"product_tag","embeddable":true,"href":"https:\/\/covid-19care.org\/index.php?rest_route=%2Fwp%2Fv2%2Fproduct_tag&post=18212"}],"curies":[{"name":"wp","href":"https:\/\/api.w.org\/{rel}","templated":true}]}}