{"id":18979,"date":"2021-11-08T03:29:49","date_gmt":"2021-11-08T03:29:49","guid":{"rendered":"https:\/\/covid-19care.org\/?post_type=product&#038;p=18979"},"modified":"2025-06-09T03:47:49","modified_gmt":"2025-06-09T03:47:49","slug":"datachem-dt300-coveralls","status":"publish","type":"product","link":"https:\/\/covid-19care.org\/?product=datachem-dt300-coveralls","title":{"rendered":"B\u1ed9 \u0111\u1ed3 ch\u1ed1ng h\u00f3a ch\u1ea5t Datachem DT300, h\u00e3ng Deltaplus"},"content":{"rendered":"<p>[vc_row][vc_column][vc_column_text]<\/p>\n<ul>\n<li>Overall with three-sided elasticated hood. 3-B type.<\/li>\n<li>Non woven Deltachem.<\/li>\n<li>Zip Fastening under double flap. Double elastic for thumb.<\/li>\n<li>Elasticated around the head, waist, cuffs and ankles. Single-use.<\/li>\n<li>Individual airtight pack.<\/li>\n<\/ul>\n<div class=\"row-fluid legislation\">\n<div class=\"span12\">\n<p class=\"headerLegislation\"><span class=\"pictoLegislation LEG011\"><img loading=\"lazy\" decoding=\"async\" class=\"alignnone size-full wp-image-18982\" src=\"https:\/\/covid-19care.org\/wp-content\/uploads\/2021\/11\/healthcarevietnam.com-04datachem-DT-300.jpg\" alt=\"\" width=\"800\" height=\"800\" srcset=\"https:\/\/covid-19care.org\/wp-content\/uploads\/2021\/11\/healthcarevietnam.com-04datachem-DT-300.jpg 800w, https:\/\/covid-19care.org\/wp-content\/uploads\/2021\/11\/healthcarevietnam.com-04datachem-DT-300-768x768.jpg 768w, https:\/\/covid-19care.org\/wp-content\/uploads\/2021\/11\/healthcarevietnam.com-04datachem-DT-300-480x480.jpg 480w, https:\/\/covid-19care.org\/wp-content\/uploads\/2021\/11\/healthcarevietnam.com-04datachem-DT-300-100x100.jpg 100w, https:\/\/covid-19care.org\/wp-content\/uploads\/2021\/11\/healthcarevietnam.com-04datachem-DT-300-350x350.jpg 350w, https:\/\/covid-19care.org\/wp-content\/uploads\/2021\/11\/healthcarevietnam.com-04datachem-DT-300-46x46.jpg 46w, https:\/\/covid-19care.org\/wp-content\/uploads\/2021\/11\/healthcarevietnam.com-04datachem-DT-300-310x310.jpg 310w\" sizes=\"auto, (max-width: 800px) 100vw, 800px\" \/><img loading=\"lazy\" decoding=\"async\" class=\"alignnone size-full wp-image-18981\" src=\"https:\/\/covid-19care.org\/wp-content\/uploads\/2021\/11\/healthcarevietnam.com-datachem-DT-300.jpg\" alt=\"\" width=\"800\" height=\"800\" srcset=\"https:\/\/covid-19care.org\/wp-content\/uploads\/2021\/11\/healthcarevietnam.com-datachem-DT-300.jpg 800w, https:\/\/covid-19care.org\/wp-content\/uploads\/2021\/11\/healthcarevietnam.com-datachem-DT-300-768x768.jpg 768w, https:\/\/covid-19care.org\/wp-content\/uploads\/2021\/11\/healthcarevietnam.com-datachem-DT-300-480x480.jpg 480w, https:\/\/covid-19care.org\/wp-content\/uploads\/2021\/11\/healthcarevietnam.com-datachem-DT-300-100x100.jpg 100w, https:\/\/covid-19care.org\/wp-content\/uploads\/2021\/11\/healthcarevietnam.com-datachem-DT-300-350x350.jpg 350w, https:\/\/covid-19care.org\/wp-content\/uploads\/2021\/11\/healthcarevietnam.com-datachem-DT-300-46x46.jpg 46w, https:\/\/covid-19care.org\/wp-content\/uploads\/2021\/11\/healthcarevietnam.com-datachem-DT-300-310x310.jpg 310w\" sizes=\"auto, (max-width: 800px) 100vw, 800px\" \/><img loading=\"lazy\" decoding=\"async\" class=\"alignnone size-full wp-image-18985\" src=\"https:\/\/covid-19care.org\/wp-content\/uploads\/2021\/11\/healthcarevietnam.com-01datachem-DT-300.jpg\" alt=\"\" width=\"800\" height=\"800\" srcset=\"https:\/\/covid-19care.org\/wp-content\/uploads\/2021\/11\/healthcarevietnam.com-01datachem-DT-300.jpg 800w, https:\/\/covid-19care.org\/wp-content\/uploads\/2021\/11\/healthcarevietnam.com-01datachem-DT-300-768x768.jpg 768w, https:\/\/covid-19care.org\/wp-content\/uploads\/2021\/11\/healthcarevietnam.com-01datachem-DT-300-480x480.jpg 480w, https:\/\/covid-19care.org\/wp-content\/uploads\/2021\/11\/healthcarevietnam.com-01datachem-DT-300-100x100.jpg 100w, https:\/\/covid-19care.org\/wp-content\/uploads\/2021\/11\/healthcarevietnam.com-01datachem-DT-300-350x350.jpg 350w, https:\/\/covid-19care.org\/wp-content\/uploads\/2021\/11\/healthcarevietnam.com-01datachem-DT-300-46x46.jpg 46w, https:\/\/covid-19care.org\/wp-content\/uploads\/2021\/11\/healthcarevietnam.com-01datachem-DT-300-310x310.jpg 310w\" sizes=\"auto, (max-width: 800px) 100vw, 800px\" \/><img loading=\"lazy\" decoding=\"async\" class=\"alignnone size-full wp-image-18984\" src=\"https:\/\/covid-19care.org\/wp-content\/uploads\/2021\/11\/healthcarevietnam.com-02datachem-DT-300.jpg\" alt=\"\" width=\"800\" height=\"800\" srcset=\"https:\/\/covid-19care.org\/wp-content\/uploads\/2021\/11\/healthcarevietnam.com-02datachem-DT-300.jpg 800w, https:\/\/covid-19care.org\/wp-content\/uploads\/2021\/11\/healthcarevietnam.com-02datachem-DT-300-768x768.jpg 768w, https:\/\/covid-19care.org\/wp-content\/uploads\/2021\/11\/healthcarevietnam.com-02datachem-DT-300-480x480.jpg 480w, https:\/\/covid-19care.org\/wp-content\/uploads\/2021\/11\/healthcarevietnam.com-02datachem-DT-300-100x100.jpg 100w, https:\/\/covid-19care.org\/wp-content\/uploads\/2021\/11\/healthcarevietnam.com-02datachem-DT-300-350x350.jpg 350w, https:\/\/covid-19care.org\/wp-content\/uploads\/2021\/11\/healthcarevietnam.com-02datachem-DT-300-46x46.jpg 46w, https:\/\/covid-19care.org\/wp-content\/uploads\/2021\/11\/healthcarevietnam.com-02datachem-DT-300-310x310.jpg 310w\" sizes=\"auto, (max-width: 800px) 100vw, 800px\" \/><img loading=\"lazy\" decoding=\"async\" class=\"alignnone size-full wp-image-18983\" src=\"https:\/\/covid-19care.org\/wp-content\/uploads\/2021\/11\/healthcarevietnam.com-03datachem-DT-300.jpg\" alt=\"\" width=\"800\" height=\"800\" srcset=\"https:\/\/covid-19care.org\/wp-content\/uploads\/2021\/11\/healthcarevietnam.com-03datachem-DT-300.jpg 800w, https:\/\/covid-19care.org\/wp-content\/uploads\/2021\/11\/healthcarevietnam.com-03datachem-DT-300-768x768.jpg 768w, https:\/\/covid-19care.org\/wp-content\/uploads\/2021\/11\/healthcarevietnam.com-03datachem-DT-300-480x480.jpg 480w, https:\/\/covid-19care.org\/wp-content\/uploads\/2021\/11\/healthcarevietnam.com-03datachem-DT-300-100x100.jpg 100w, https:\/\/covid-19care.org\/wp-content\/uploads\/2021\/11\/healthcarevietnam.com-03datachem-DT-300-350x350.jpg 350w, https:\/\/covid-19care.org\/wp-content\/uploads\/2021\/11\/healthcarevietnam.com-03datachem-DT-300-46x46.jpg 46w, https:\/\/covid-19care.org\/wp-content\/uploads\/2021\/11\/healthcarevietnam.com-03datachem-DT-300-310x310.jpg 310w\" sizes=\"auto, (max-width: 800px) 100vw, 800px\" \/>\u00a0<\/span><\/p>\n<\/div>\n<\/div>\n<div class=\"row-fluid norme\">\n<div class=\"span11 libNorme\">\n<p>&nbsp;<\/p>\n<\/div>\n<\/div>\n<p>[\/vc_column_text][\/vc_column][\/vc_row]<\/p>\n","protected":false},"excerpt":{"rendered":"<p>DELTACHEM DISPOSABLE OVERALLS WITH HOOD &#8211; 3B TYPE &#8211; TAPED SEAMS<\/p>\n","protected":false},"featured_media":18981,"comment_status":"closed","ping_status":"closed","template":"","meta":[],"product_cat":[53,101],"product_tag":[189],"class_list":{"0":"post-18979","1":"product","2":"type-product","3":"status-publish","4":"has-post-thumbnail","6":"product_cat-phong-lab","7":"product_cat-quan-ao-chong-hoa-chat","8":"product_tag-bo-do-chong-hoa-chat","9":"ts_product_brand-deltapplus","11":"first","12":"instock","13":"shipping-taxable","14":"product-type-simple"},"yoast_head":"<!-- This site is optimized with the Yoast SEO Premium plugin v17.1.2 (Yoast SEO v17.1) - https:\/\/yoast.com\/wordpress\/plugins\/seo\/ -->\n<title>B\u1ed9 \u0111\u1ed3 ch\u1ed1ng h\u00f3a ch\u1ea5t Datachem DT300, h\u00e3ng Deltaplus<\/title>\n<meta name=\"description\" content=\"Covid-19Care.com thu\u1ed9c h\u1ec7 th\u1ed1ng cung c\u1ea5p thi\u1ebft b\u1ecb ph\u00f2ng d\u1ecbch c\u1ee7a c\u00f4ng ty T\u01af\u1edcNG KHOA, chuy\u00ean \u0111\u1ed3 ph\u00f2ng d\u1ecbch v\u00e0 BHL\u0110 h\u00e0ng \u0111\u1ea7u Vi\u1ec7t Nam.\" \/>\n<meta name=\"robots\" content=\"index, follow, max-snippet:-1, max-image-preview:large, max-video-preview:-1\" \/>\n<link rel=\"canonical\" href=\"https:\/\/covid-19care.org\/?product=datachem-dt300-coveralls\" \/>\n<meta property=\"og:locale\" content=\"en_US\" \/>\n<meta property=\"og:type\" content=\"article\" \/>\n<meta property=\"og:title\" content=\"Covid-19 Care &raquo; B\u1ed9 \u0111\u1ed3 ch\u1ed1ng h\u00f3a ch\u1ea5t Datachem DT300, h\u00e3ng Deltaplus\" \/>\n<meta property=\"og:description\" content=\"Covid-19Care.com thu\u1ed9c h\u1ec7 th\u1ed1ng cung c\u1ea5p thi\u1ebft b\u1ecb ph\u00f2ng d\u1ecbch c\u1ee7a c\u00f4ng ty T\u01af\u1edcNG KHOA, chuy\u00ean \u0111\u1ed3 ph\u00f2ng d\u1ecbch v\u00e0 BHL\u0110 h\u00e0ng \u0111\u1ea7u Vi\u1ec7t Nam.\" \/>\n<meta property=\"og:url\" content=\"https:\/\/covid-19care.org\/?product=datachem-dt300-coveralls\" \/>\n<meta property=\"og:site_name\" content=\"Covid-19 Care\" \/>\n<meta property=\"article:publisher\" content=\"https:\/\/www.facebook.com\/healthcarevietnam.org\" \/>\n<meta property=\"article:modified_time\" content=\"2025-06-09T03:47:49+00:00\" \/>\n<meta property=\"og:image\" content=\"https:\/\/covid-19care.org\/wp-content\/uploads\/2021\/11\/healthcarevietnam.com-datachem-DT-300.jpg\" \/>\n\t<meta property=\"og:image:width\" content=\"800\" \/>\n\t<meta property=\"og:image:height\" content=\"800\" \/>\n<meta name=\"twitter:card\" content=\"summary_large_image\" \/>\n<meta name=\"twitter:label1\" content=\"Est. reading time\" \/>\n\t<meta name=\"twitter:data1\" content=\"2 minutes\" \/>\n<script type=\"application\/ld+json\" class=\"yoast-schema-graph\">{\"@context\":\"https:\/\/schema.org\",\"@graph\":[{\"@type\":\"Organization\",\"@id\":\"https:\/\/covid-19care.org\/#organization\",\"name\":\"Covid-19Care Vietnam\",\"url\":\"https:\/\/covid-19care.org\/\",\"sameAs\":[\"https:\/\/www.facebook.com\/healthcarevietnam.org\",\"https:\/\/www.linkedin.com\/company\/tksafety\/\",\"https:\/\/www.youtube.com\/channel\/UCfY_XOMwTRztJNUdvIbrfsg\/about\"],\"logo\":{\"@type\":\"ImageObject\",\"@id\":\"https:\/\/covid-19care.org\/#logo\",\"inLanguage\":\"en-US\",\"url\":\"https:\/\/covid-19care.org\/wp-content\/uploads\/2021\/11\/Covid-19care.com-SEO.png\",\"contentUrl\":\"https:\/\/covid-19care.org\/wp-content\/uploads\/2021\/11\/Covid-19care.com-SEO.png\",\"width\":200,\"height\":200,\"caption\":\"Covid-19Care Vietnam\"},\"image\":{\"@id\":\"https:\/\/covid-19care.org\/#logo\"}},{\"@type\":\"WebSite\",\"@id\":\"https:\/\/covid-19care.org\/#website\",\"url\":\"https:\/\/covid-19care.org\/\",\"name\":\"Covid-19 Care\",\"description\":\"Public Health Protection\",\"publisher\":{\"@id\":\"https:\/\/covid-19care.org\/#organization\"},\"potentialAction\":[{\"@type\":\"SearchAction\",\"target\":{\"@type\":\"EntryPoint\",\"urlTemplate\":\"https:\/\/covid-19care.org\/?s={search_term_string}\"},\"query-input\":\"required name=search_term_string\"}],\"inLanguage\":\"en-US\"},{\"@type\":\"ImageObject\",\"@id\":\"https:\/\/covid-19care.org\/?product=datachem-dt300-coveralls#primaryimage\",\"inLanguage\":\"en-US\",\"url\":\"https:\/\/covid-19care.org\/wp-content\/uploads\/2021\/11\/healthcarevietnam.com-datachem-DT-300.jpg\",\"contentUrl\":\"https:\/\/covid-19care.org\/wp-content\/uploads\/2021\/11\/healthcarevietnam.com-datachem-DT-300.jpg\",\"width\":800,\"height\":800},{\"@type\":\"WebPage\",\"@id\":\"https:\/\/covid-19care.org\/?product=datachem-dt300-coveralls#webpage\",\"url\":\"https:\/\/covid-19care.org\/?product=datachem-dt300-coveralls\",\"name\":\"B\\u1ed9 \\u0111\\u1ed3 ch\\u1ed1ng h\\u00f3a ch\\u1ea5t Datachem DT300, h\\u00e3ng Deltaplus\",\"isPartOf\":{\"@id\":\"https:\/\/covid-19care.org\/#website\"},\"primaryImageOfPage\":{\"@id\":\"https:\/\/covid-19care.org\/?product=datachem-dt300-coveralls#primaryimage\"},\"datePublished\":\"2021-11-08T03:29:49+00:00\",\"dateModified\":\"2025-06-09T03:47:49+00:00\",\"description\":\"Covid-19Care.com thu\\u1ed9c h\\u1ec7 th\\u1ed1ng cung c\\u1ea5p thi\\u1ebft b\\u1ecb ph\\u00f2ng d\\u1ecbch c\\u1ee7a c\\u00f4ng ty T\\u01af\\u1edcNG KHOA, chuy\\u00ean \\u0111\\u1ed3 ph\\u00f2ng d\\u1ecbch v\\u00e0 BHL\\u0110 h\\u00e0ng \\u0111\\u1ea7u Vi\\u1ec7t Nam.\",\"breadcrumb\":{\"@id\":\"https:\/\/covid-19care.org\/?product=datachem-dt300-coveralls#breadcrumb\"},\"inLanguage\":\"en-US\",\"potentialAction\":[{\"@type\":\"ReadAction\",\"target\":[\"https:\/\/covid-19care.org\/?product=datachem-dt300-coveralls\"]}]},{\"@type\":\"BreadcrumbList\",\"@id\":\"https:\/\/covid-19care.org\/?product=datachem-dt300-coveralls#breadcrumb\",\"itemListElement\":[{\"@type\":\"ListItem\",\"position\":1,\"name\":\"Home\",\"item\":\"https:\/\/covid-19care.org\/\"},{\"@type\":\"ListItem\",\"position\":2,\"name\":\"Shop\",\"item\":\"https:\/\/covid-19care.org\/?page_id=51\"},{\"@type\":\"ListItem\",\"position\":3,\"name\":\"B\\u1ed9 \\u0111\\u1ed3 ch\\u1ed1ng h\\u00f3a ch\\u1ea5t Datachem DT300, h\\u00e3ng Deltaplus\"}]}]}<\/script>\n<!-- \/ Yoast SEO Premium plugin. -->","yoast_head_json":{"title":"B\u1ed9 \u0111\u1ed3 ch\u1ed1ng h\u00f3a ch\u1ea5t Datachem DT300, h\u00e3ng Deltaplus","description":"Covid-19Care.com thu\u1ed9c h\u1ec7 th\u1ed1ng cung c\u1ea5p thi\u1ebft b\u1ecb ph\u00f2ng d\u1ecbch c\u1ee7a c\u00f4ng ty T\u01af\u1edcNG KHOA, chuy\u00ean \u0111\u1ed3 ph\u00f2ng d\u1ecbch v\u00e0 BHL\u0110 h\u00e0ng \u0111\u1ea7u Vi\u1ec7t Nam.","robots":{"index":"index","follow":"follow","max-snippet":"max-snippet:-1","max-image-preview":"max-image-preview:large","max-video-preview":"max-video-preview:-1"},"canonical":"https:\/\/covid-19care.org\/?product=datachem-dt300-coveralls","og_locale":"en_US","og_type":"article","og_title":"Covid-19 Care &raquo; B\u1ed9 \u0111\u1ed3 ch\u1ed1ng h\u00f3a ch\u1ea5t Datachem DT300, h\u00e3ng Deltaplus","og_description":"Covid-19Care.com thu\u1ed9c h\u1ec7 th\u1ed1ng cung c\u1ea5p thi\u1ebft b\u1ecb ph\u00f2ng d\u1ecbch c\u1ee7a c\u00f4ng ty T\u01af\u1edcNG KHOA, chuy\u00ean \u0111\u1ed3 ph\u00f2ng d\u1ecbch v\u00e0 BHL\u0110 h\u00e0ng \u0111\u1ea7u Vi\u1ec7t Nam.","og_url":"https:\/\/covid-19care.org\/?product=datachem-dt300-coveralls","og_site_name":"Covid-19 Care","article_publisher":"https:\/\/www.facebook.com\/healthcarevietnam.org","article_modified_time":"2025-06-09T03:47:49+00:00","og_image":[{"width":800,"height":800,"url":"https:\/\/covid-19care.org\/wp-content\/uploads\/2021\/11\/healthcarevietnam.com-datachem-DT-300.jpg","path":"\/home\/covidorg\/domains\/covid-19care.org\/public_html\/wp-content\/uploads\/2021\/11\/healthcarevietnam.com-datachem-DT-300.jpg","size":"full","id":18981,"alt":"","pixels":640000,"type":"image\/jpeg"}],"twitter_card":"summary_large_image","twitter_misc":{"Est. reading time":"2 minutes"},"schema":{"@context":"https:\/\/schema.org","@graph":[{"@type":"Organization","@id":"https:\/\/covid-19care.org\/#organization","name":"Covid-19Care Vietnam","url":"https:\/\/covid-19care.org\/","sameAs":["https:\/\/www.facebook.com\/healthcarevietnam.org","https:\/\/www.linkedin.com\/company\/tksafety\/","https:\/\/www.youtube.com\/channel\/UCfY_XOMwTRztJNUdvIbrfsg\/about"],"logo":{"@type":"ImageObject","@id":"https:\/\/covid-19care.org\/#logo","inLanguage":"en-US","url":"https:\/\/covid-19care.org\/wp-content\/uploads\/2021\/11\/Covid-19care.com-SEO.png","contentUrl":"https:\/\/covid-19care.org\/wp-content\/uploads\/2021\/11\/Covid-19care.com-SEO.png","width":200,"height":200,"caption":"Covid-19Care Vietnam"},"image":{"@id":"https:\/\/covid-19care.org\/#logo"}},{"@type":"WebSite","@id":"https:\/\/covid-19care.org\/#website","url":"https:\/\/covid-19care.org\/","name":"Covid-19 Care","description":"Public Health Protection","publisher":{"@id":"https:\/\/covid-19care.org\/#organization"},"potentialAction":[{"@type":"SearchAction","target":{"@type":"EntryPoint","urlTemplate":"https:\/\/covid-19care.org\/?s={search_term_string}"},"query-input":"required name=search_term_string"}],"inLanguage":"en-US"},{"@type":"ImageObject","@id":"https:\/\/covid-19care.org\/?product=datachem-dt300-coveralls#primaryimage","inLanguage":"en-US","url":"https:\/\/covid-19care.org\/wp-content\/uploads\/2021\/11\/healthcarevietnam.com-datachem-DT-300.jpg","contentUrl":"https:\/\/covid-19care.org\/wp-content\/uploads\/2021\/11\/healthcarevietnam.com-datachem-DT-300.jpg","width":800,"height":800},{"@type":"WebPage","@id":"https:\/\/covid-19care.org\/?product=datachem-dt300-coveralls#webpage","url":"https:\/\/covid-19care.org\/?product=datachem-dt300-coveralls","name":"B\u1ed9 \u0111\u1ed3 ch\u1ed1ng h\u00f3a ch\u1ea5t Datachem DT300, h\u00e3ng Deltaplus","isPartOf":{"@id":"https:\/\/covid-19care.org\/#website"},"primaryImageOfPage":{"@id":"https:\/\/covid-19care.org\/?product=datachem-dt300-coveralls#primaryimage"},"datePublished":"2021-11-08T03:29:49+00:00","dateModified":"2025-06-09T03:47:49+00:00","description":"Covid-19Care.com thu\u1ed9c h\u1ec7 th\u1ed1ng cung c\u1ea5p thi\u1ebft b\u1ecb ph\u00f2ng d\u1ecbch c\u1ee7a c\u00f4ng ty T\u01af\u1edcNG KHOA, chuy\u00ean \u0111\u1ed3 ph\u00f2ng d\u1ecbch v\u00e0 BHL\u0110 h\u00e0ng \u0111\u1ea7u Vi\u1ec7t Nam.","breadcrumb":{"@id":"https:\/\/covid-19care.org\/?product=datachem-dt300-coveralls#breadcrumb"},"inLanguage":"en-US","potentialAction":[{"@type":"ReadAction","target":["https:\/\/covid-19care.org\/?product=datachem-dt300-coveralls"]}]},{"@type":"BreadcrumbList","@id":"https:\/\/covid-19care.org\/?product=datachem-dt300-coveralls#breadcrumb","itemListElement":[{"@type":"ListItem","position":1,"name":"Home","item":"https:\/\/covid-19care.org\/"},{"@type":"ListItem","position":2,"name":"Shop","item":"https:\/\/covid-19care.org\/?page_id=51"},{"@type":"ListItem","position":3,"name":"B\u1ed9 \u0111\u1ed3 ch\u1ed1ng h\u00f3a ch\u1ea5t Datachem DT300, h\u00e3ng Deltaplus"}]}]}},"_links":{"self":[{"href":"https:\/\/covid-19care.org\/index.php?rest_route=\/wp\/v2\/product\/18979","targetHints":{"allow":["GET"]}}],"collection":[{"href":"https:\/\/covid-19care.org\/index.php?rest_route=\/wp\/v2\/product"}],"about":[{"href":"https:\/\/covid-19care.org\/index.php?rest_route=\/wp\/v2\/types\/product"}],"replies":[{"embeddable":true,"href":"https:\/\/covid-19care.org\/index.php?rest_route=%2Fwp%2Fv2%2Fcomments&post=18979"}],"wp:featuredmedia":[{"embeddable":true,"href":"https:\/\/covid-19care.org\/index.php?rest_route=\/wp\/v2\/media\/18981"}],"wp:attachment":[{"href":"https:\/\/covid-19care.org\/index.php?rest_route=%2Fwp%2Fv2%2Fmedia&parent=18979"}],"wp:term":[{"taxonomy":"product_cat","embeddable":true,"href":"https:\/\/covid-19care.org\/index.php?rest_route=%2Fwp%2Fv2%2Fproduct_cat&post=18979"},{"taxonomy":"product_tag","embeddable":true,"href":"https:\/\/covid-19care.org\/index.php?rest_route=%2Fwp%2Fv2%2Fproduct_tag&post=18979"}],"curies":[{"name":"wp","href":"https:\/\/api.w.org\/{rel}","templated":true}]}}