{"id":19305,"date":"2022-03-25T07:42:26","date_gmt":"2022-03-25T07:42:26","guid":{"rendered":"https:\/\/covid-19care.org\/?post_type=product&#038;p=19305"},"modified":"2025-06-09T03:48:31","modified_gmt":"2025-06-09T03:48:31","slug":"khau-trang-3m-9001a","status":"publish","type":"product","link":"https:\/\/covid-19care.org\/?product=khau-trang-3m-9001a","title":{"rendered":"Kh\u1ea9u trang 3M 9001A"},"content":{"rendered":"<p>[vc_row][vc_column][vc_column_text]<\/p>\n<h3 id=\"uu_diem_noi_bat_khau_trang_3M_9001A\"><strong>\u0110i\u1ec3m n\u1ed5i b\u1eadt c\u1ee7a kh\u1ea9u trang 3M 9001A:<\/strong><\/h3>\n<p><strong>\u0110\u1ea1t ti\u00eau chu\u1ea9n kh\u1eaft khe c\u1ee7a c\u00e1c n\u01b0\u1edbc:<\/strong><\/p>\n<ul>\n<li>Ti\u00eau chu\u1ea9n \u00dac\/ New Zealand AS\/NZS 1716-2003<\/li>\n<li>\u0110\u00e1p \u1ee9ng theo ti\u00eau chu\u1ea9n P1 Ch\u00e2u \u00c2u: Hi\u1ec7u qu\u1ea3 l\u1ecdc t\u1ed1i thi\u1ec3u 80% \u0111\u1ed1i v\u1edbi h\u1ea1t\/ b\u1ee5i v\u00e0 sol kh\u00ed [Theo b\u00e1o c\u00e1o k\u1ebft qu\u1ea3 ki\u1ec3m nghi\u1ec7m s\u1ed1 22325 b\u1edfi C\u01a1 quan ki\u1ec3m tra an to\u00e0n \u00dac].<\/li>\n<li>Ti\u00eau chu\u1ea9n Trung Qu\u1ed1c GB2626-2006 KN90<\/li>\n<\/ul>\n<p><em>Kh\u1ea9u trang l\u1ecdc b\u1ee5i\u00a03M 9001A<\/em> \u0111\u1ea1t ti\u00eau chu\u1ea9n \u00dac\/ New Zealand AS\/NZS 1716-2003 n\u00ean c\u00f3 kh\u1ea3 n\u0103ng l\u1ecdc \u0111\u01b0\u1ee3c \u00edt nh\u1ea5t 80% c\u00e1c h\u1ea1t b\u1ee5i m\u1ecbn, vi khu\u1ea9n virus c\u00f3 k\u00edch th\u01b0\u1edbc 0.3 micromet hay PM0.3.<\/p>\n<p>L\u1ecdch\u1ea1t b\u1ee5i si\u00eau m\u1ecbn P2.5 c\u00f3 k\u00edch th\u01b0\u1edbc nh\u1ecf b\u1eb1ng 1\/20 s\u1ee3i t\u00f3c ng\u01b0\u1eddi do \u00f4 nhi\u1ec5m m\u00f4i tr\u01b0\u1eddng g\u00e2y ra.[\/vc_column_text][\/vc_column][\/vc_row][vc_row][vc_column][vc_empty_space][\/vc_column][\/vc_row][vc_row][vc_column][vc_column_text]<\/p>\n<h3><strong>3M 9001A s\u1eed d\u1ee5ng cho c\u00f4ng vi\u1ec7c:<\/strong><\/h3>\n<p>\u2022 M\u00e0i<br \/>\n\u2022 Ch\u00e0 nh\u00e1m<br \/>\n\u2022 \u0110\u00e1nh b\u00f3ng<br \/>\n\u2022 \u0110\u00f3ng bao<br \/>\n\u2022 B\u1ea3o d\u01b0\u1ee1ng m\u00e1y m\u00f3c<br \/>\n\u2022 Th\u00e1o d\u1ee1 c\u00f4ng tr\u00ecnh<br \/>\n\u2022 C\u00e1c ng\u00e0nh ngh\u1ec1, c\u00f4ng vi\u1ec7c ph\u00e1t sinh b\u1ee5i kh\u00e1c[\/vc_column_text][\/vc_column][\/vc_row][vc_row][vc_column][vc_empty_space][\/vc_column][\/vc_row][vc_row][vc_column][vc_single_image image=&#8221;19306&#8243; img_size=&#8221;full&#8221; title=&#8221;Tem ch\u1ed1ng h\u00e3ng gi\u1ea3 kh\u1ea9u trang 3M 9001A:&#8221;][\/vc_column][\/vc_row][vc_row][vc_column][vc_empty_space height=&#8221;100&#8243;][\/vc_column][\/vc_row][vc_row][vc_column][vc_video link=&#8221;https:\/\/youtu.be\/Hlvo5HSL8aE&#8221;][\/vc_column][\/vc_row]<\/p>\n","protected":false},"excerpt":{"rendered":"<ul class=\"MMM--pdpList SNAPS--bullets js--bnftsPdPList\">\n<li>\u0110\u1ea1t ti\u00eau chu\u1ea9n P1: l\u1ecdc \u0111\u01b0\u1ee3c t\u1ed1i thi\u1ec3u 80% b\u1ee5i v\u00e0 sol kh\u00ed kh\u00f4ng c\u00f3 g\u1ed1c d\u1ea7u<\/li>\n<li>Thanh \u0111i\u1ec1u ch\u1ec9nh \u0111\u1ed9 k\u00edn tr\u00ean m\u0169i c\u00f3 th\u1ec3 \u0111i\u1ec1u ch\u1ec9nh t\u1ea1o \u0111\u1ed9 k\u00edn kh\u00edt c\u1ee7a kh\u1ea9u trang v\u1edbi g\u01b0\u01a1ng m\u1eb7t, t\u0103ng kh\u1ea3 n\u0103ng b\u1ea3o v\u1ec7<\/li>\n<li>D\u00e2y mang qua tai, v\u00e0 k\u00edch th\u01b0\u1edbc l\u1edbn ph\u00f9 h\u1ee3p v\u1edbi nh\u1eefng ng\u01b0\u1eddi c\u00f3 khu\u00f4n m\u1eb7t v\u1eeba<\/li>\n<li>Thi\u1ebft k\u1ebf d\u1ea1ng g\u1ea5p, d\u1ec5 mang theo<\/li>\n<\/ul>\n<h3>G\u1ecdi ngay: <span style=\"color: #0000ff;\"><a style=\"color: #0000ff;\" href=\"tel:0903739488\">0903739488<\/a><\/span><\/h3>\n","protected":false},"featured_media":19308,"comment_status":"closed","ping_status":"closed","template":"","meta":[],"product_cat":[107],"product_tag":[219],"class_list":{"0":"post-19305","1":"product","2":"type-product","3":"status-publish","4":"has-post-thumbnail","6":"product_cat-khau-trang","7":"product_tag-khau-trang-3m-9001a","8":"ts_product_brand-3m","10":"first","11":"instock","12":"shipping-taxable","13":"product-type-simple"},"yoast_head":"<!-- This site is optimized with the Yoast SEO Premium plugin v17.1.2 (Yoast SEO v17.1) - https:\/\/yoast.com\/wordpress\/plugins\/seo\/ -->\n<title>Covid-19 Care &raquo; Kh\u1ea9u trang 3M 9001A<\/title>\n<meta name=\"description\" content=\"Covid-19Care.com thu\u1ed9c h\u1ec7 th\u1ed1ng cung c\u1ea5p thi\u1ebft b\u1ecb ph\u00f2ng d\u1ecbch c\u1ee7a c\u00f4ng ty T\u01af\u1edcNG KHOA, chuy\u00ean \u0111\u1ed3 ph\u00f2ng d\u1ecbch v\u00e0 BHL\u0110 h\u00e0ng \u0111\u1ea7u Vi\u1ec7t Nam.\" \/>\n<meta name=\"robots\" content=\"index, follow, max-snippet:-1, max-image-preview:large, max-video-preview:-1\" \/>\n<link rel=\"canonical\" href=\"https:\/\/covid-19care.org\/?product=khau-trang-3m-9001a\" \/>\n<meta property=\"og:locale\" content=\"en_US\" \/>\n<meta property=\"og:type\" content=\"article\" \/>\n<meta property=\"og:title\" content=\"Covid-19 Care &raquo; Kh\u1ea9u trang 3M 9001A\" \/>\n<meta property=\"og:description\" content=\"Covid-19Care.com thu\u1ed9c h\u1ec7 th\u1ed1ng cung c\u1ea5p thi\u1ebft b\u1ecb ph\u00f2ng d\u1ecbch c\u1ee7a c\u00f4ng ty T\u01af\u1edcNG KHOA, chuy\u00ean \u0111\u1ed3 ph\u00f2ng d\u1ecbch v\u00e0 BHL\u0110 h\u00e0ng \u0111\u1ea7u Vi\u1ec7t Nam.\" \/>\n<meta property=\"og:url\" content=\"https:\/\/covid-19care.org\/?product=khau-trang-3m-9001a\" \/>\n<meta property=\"og:site_name\" content=\"Covid-19 Care\" \/>\n<meta property=\"article:publisher\" content=\"https:\/\/www.facebook.com\/healthcarevietnam.org\" \/>\n<meta property=\"article:modified_time\" content=\"2025-06-09T03:48:31+00:00\" \/>\n<meta property=\"og:image\" content=\"https:\/\/covid-19care.org\/wp-content\/uploads\/2022\/03\/safetyshop.vn-3M-9001A-mask.gif\" \/>\n\t<meta property=\"og:image:width\" content=\"600\" \/>\n\t<meta property=\"og:image:height\" content=\"600\" \/>\n<meta name=\"twitter:card\" content=\"summary_large_image\" \/>\n<meta name=\"twitter:label1\" content=\"Est. reading time\" \/>\n\t<meta name=\"twitter:data1\" content=\"1 minute\" \/>\n<script type=\"application\/ld+json\" class=\"yoast-schema-graph\">{\"@context\":\"https:\/\/schema.org\",\"@graph\":[{\"@type\":\"Organization\",\"@id\":\"https:\/\/covid-19care.org\/#organization\",\"name\":\"Covid-19Care Vietnam\",\"url\":\"https:\/\/covid-19care.org\/\",\"sameAs\":[\"https:\/\/www.facebook.com\/healthcarevietnam.org\",\"https:\/\/www.linkedin.com\/company\/tksafety\/\",\"https:\/\/www.youtube.com\/channel\/UCfY_XOMwTRztJNUdvIbrfsg\/about\"],\"logo\":{\"@type\":\"ImageObject\",\"@id\":\"https:\/\/covid-19care.org\/#logo\",\"inLanguage\":\"en-US\",\"url\":\"https:\/\/covid-19care.org\/wp-content\/uploads\/2021\/11\/Covid-19care.com-SEO.png\",\"contentUrl\":\"https:\/\/covid-19care.org\/wp-content\/uploads\/2021\/11\/Covid-19care.com-SEO.png\",\"width\":200,\"height\":200,\"caption\":\"Covid-19Care Vietnam\"},\"image\":{\"@id\":\"https:\/\/covid-19care.org\/#logo\"}},{\"@type\":\"WebSite\",\"@id\":\"https:\/\/covid-19care.org\/#website\",\"url\":\"https:\/\/covid-19care.org\/\",\"name\":\"Covid-19 Care\",\"description\":\"Public Health Protection\",\"publisher\":{\"@id\":\"https:\/\/covid-19care.org\/#organization\"},\"potentialAction\":[{\"@type\":\"SearchAction\",\"target\":{\"@type\":\"EntryPoint\",\"urlTemplate\":\"https:\/\/covid-19care.org\/?s={search_term_string}\"},\"query-input\":\"required name=search_term_string\"}],\"inLanguage\":\"en-US\"},{\"@type\":\"ImageObject\",\"@id\":\"https:\/\/covid-19care.org\/?product=khau-trang-3m-9001a#primaryimage\",\"inLanguage\":\"en-US\",\"url\":\"https:\/\/covid-19care.org\/wp-content\/uploads\/2022\/03\/safetyshop.vn-3M-9001A-mask.gif\",\"contentUrl\":\"https:\/\/covid-19care.org\/wp-content\/uploads\/2022\/03\/safetyshop.vn-3M-9001A-mask.gif\",\"width\":600,\"height\":600},{\"@type\":\"WebPage\",\"@id\":\"https:\/\/covid-19care.org\/?product=khau-trang-3m-9001a#webpage\",\"url\":\"https:\/\/covid-19care.org\/?product=khau-trang-3m-9001a\",\"name\":\"Covid-19 Care &raquo; Kh\\u1ea9u trang 3M 9001A\",\"isPartOf\":{\"@id\":\"https:\/\/covid-19care.org\/#website\"},\"primaryImageOfPage\":{\"@id\":\"https:\/\/covid-19care.org\/?product=khau-trang-3m-9001a#primaryimage\"},\"datePublished\":\"2022-03-25T07:42:26+00:00\",\"dateModified\":\"2025-06-09T03:48:31+00:00\",\"description\":\"Covid-19Care.com thu\\u1ed9c h\\u1ec7 th\\u1ed1ng cung c\\u1ea5p thi\\u1ebft b\\u1ecb ph\\u00f2ng d\\u1ecbch c\\u1ee7a c\\u00f4ng ty T\\u01af\\u1edcNG KHOA, chuy\\u00ean \\u0111\\u1ed3 ph\\u00f2ng d\\u1ecbch v\\u00e0 BHL\\u0110 h\\u00e0ng \\u0111\\u1ea7u Vi\\u1ec7t Nam.\",\"breadcrumb\":{\"@id\":\"https:\/\/covid-19care.org\/?product=khau-trang-3m-9001a#breadcrumb\"},\"inLanguage\":\"en-US\",\"potentialAction\":[{\"@type\":\"ReadAction\",\"target\":[\"https:\/\/covid-19care.org\/?product=khau-trang-3m-9001a\"]}]},{\"@type\":\"BreadcrumbList\",\"@id\":\"https:\/\/covid-19care.org\/?product=khau-trang-3m-9001a#breadcrumb\",\"itemListElement\":[{\"@type\":\"ListItem\",\"position\":1,\"name\":\"Home\",\"item\":\"https:\/\/covid-19care.org\/\"},{\"@type\":\"ListItem\",\"position\":2,\"name\":\"Shop\",\"item\":\"https:\/\/covid-19care.org\/?page_id=51\"},{\"@type\":\"ListItem\",\"position\":3,\"name\":\"Kh\\u1ea9u trang 3M 9001A\"}]}]}<\/script>\n<!-- \/ Yoast SEO Premium plugin. -->","yoast_head_json":{"title":"Covid-19 Care &raquo; Kh\u1ea9u trang 3M 9001A","description":"Covid-19Care.com thu\u1ed9c h\u1ec7 th\u1ed1ng cung c\u1ea5p thi\u1ebft b\u1ecb ph\u00f2ng d\u1ecbch c\u1ee7a c\u00f4ng ty T\u01af\u1edcNG KHOA, chuy\u00ean \u0111\u1ed3 ph\u00f2ng d\u1ecbch v\u00e0 BHL\u0110 h\u00e0ng \u0111\u1ea7u Vi\u1ec7t Nam.","robots":{"index":"index","follow":"follow","max-snippet":"max-snippet:-1","max-image-preview":"max-image-preview:large","max-video-preview":"max-video-preview:-1"},"canonical":"https:\/\/covid-19care.org\/?product=khau-trang-3m-9001a","og_locale":"en_US","og_type":"article","og_title":"Covid-19 Care &raquo; Kh\u1ea9u trang 3M 9001A","og_description":"Covid-19Care.com thu\u1ed9c h\u1ec7 th\u1ed1ng cung c\u1ea5p thi\u1ebft b\u1ecb ph\u00f2ng d\u1ecbch c\u1ee7a c\u00f4ng ty T\u01af\u1edcNG KHOA, chuy\u00ean \u0111\u1ed3 ph\u00f2ng d\u1ecbch v\u00e0 BHL\u0110 h\u00e0ng \u0111\u1ea7u Vi\u1ec7t Nam.","og_url":"https:\/\/covid-19care.org\/?product=khau-trang-3m-9001a","og_site_name":"Covid-19 Care","article_publisher":"https:\/\/www.facebook.com\/healthcarevietnam.org","article_modified_time":"2025-06-09T03:48:31+00:00","og_image":[{"width":600,"height":600,"url":"https:\/\/covid-19care.org\/wp-content\/uploads\/2022\/03\/safetyshop.vn-3M-9001A-mask.gif","path":"\/home\/covidorg\/domains\/covid-19care.org\/public_html\/wp-content\/uploads\/2022\/03\/safetyshop.vn-3M-9001A-mask.gif","size":"full","id":19308,"alt":"","pixels":360000,"type":"image\/gif"}],"twitter_card":"summary_large_image","twitter_misc":{"Est. reading time":"1 minute"},"schema":{"@context":"https:\/\/schema.org","@graph":[{"@type":"Organization","@id":"https:\/\/covid-19care.org\/#organization","name":"Covid-19Care Vietnam","url":"https:\/\/covid-19care.org\/","sameAs":["https:\/\/www.facebook.com\/healthcarevietnam.org","https:\/\/www.linkedin.com\/company\/tksafety\/","https:\/\/www.youtube.com\/channel\/UCfY_XOMwTRztJNUdvIbrfsg\/about"],"logo":{"@type":"ImageObject","@id":"https:\/\/covid-19care.org\/#logo","inLanguage":"en-US","url":"https:\/\/covid-19care.org\/wp-content\/uploads\/2021\/11\/Covid-19care.com-SEO.png","contentUrl":"https:\/\/covid-19care.org\/wp-content\/uploads\/2021\/11\/Covid-19care.com-SEO.png","width":200,"height":200,"caption":"Covid-19Care Vietnam"},"image":{"@id":"https:\/\/covid-19care.org\/#logo"}},{"@type":"WebSite","@id":"https:\/\/covid-19care.org\/#website","url":"https:\/\/covid-19care.org\/","name":"Covid-19 Care","description":"Public Health Protection","publisher":{"@id":"https:\/\/covid-19care.org\/#organization"},"potentialAction":[{"@type":"SearchAction","target":{"@type":"EntryPoint","urlTemplate":"https:\/\/covid-19care.org\/?s={search_term_string}"},"query-input":"required name=search_term_string"}],"inLanguage":"en-US"},{"@type":"ImageObject","@id":"https:\/\/covid-19care.org\/?product=khau-trang-3m-9001a#primaryimage","inLanguage":"en-US","url":"https:\/\/covid-19care.org\/wp-content\/uploads\/2022\/03\/safetyshop.vn-3M-9001A-mask.gif","contentUrl":"https:\/\/covid-19care.org\/wp-content\/uploads\/2022\/03\/safetyshop.vn-3M-9001A-mask.gif","width":600,"height":600},{"@type":"WebPage","@id":"https:\/\/covid-19care.org\/?product=khau-trang-3m-9001a#webpage","url":"https:\/\/covid-19care.org\/?product=khau-trang-3m-9001a","name":"Covid-19 Care &raquo; Kh\u1ea9u trang 3M 9001A","isPartOf":{"@id":"https:\/\/covid-19care.org\/#website"},"primaryImageOfPage":{"@id":"https:\/\/covid-19care.org\/?product=khau-trang-3m-9001a#primaryimage"},"datePublished":"2022-03-25T07:42:26+00:00","dateModified":"2025-06-09T03:48:31+00:00","description":"Covid-19Care.com thu\u1ed9c h\u1ec7 th\u1ed1ng cung c\u1ea5p thi\u1ebft b\u1ecb ph\u00f2ng d\u1ecbch c\u1ee7a c\u00f4ng ty T\u01af\u1edcNG KHOA, chuy\u00ean \u0111\u1ed3 ph\u00f2ng d\u1ecbch v\u00e0 BHL\u0110 h\u00e0ng \u0111\u1ea7u Vi\u1ec7t Nam.","breadcrumb":{"@id":"https:\/\/covid-19care.org\/?product=khau-trang-3m-9001a#breadcrumb"},"inLanguage":"en-US","potentialAction":[{"@type":"ReadAction","target":["https:\/\/covid-19care.org\/?product=khau-trang-3m-9001a"]}]},{"@type":"BreadcrumbList","@id":"https:\/\/covid-19care.org\/?product=khau-trang-3m-9001a#breadcrumb","itemListElement":[{"@type":"ListItem","position":1,"name":"Home","item":"https:\/\/covid-19care.org\/"},{"@type":"ListItem","position":2,"name":"Shop","item":"https:\/\/covid-19care.org\/?page_id=51"},{"@type":"ListItem","position":3,"name":"Kh\u1ea9u trang 3M 9001A"}]}]}},"_links":{"self":[{"href":"https:\/\/covid-19care.org\/index.php?rest_route=\/wp\/v2\/product\/19305","targetHints":{"allow":["GET"]}}],"collection":[{"href":"https:\/\/covid-19care.org\/index.php?rest_route=\/wp\/v2\/product"}],"about":[{"href":"https:\/\/covid-19care.org\/index.php?rest_route=\/wp\/v2\/types\/product"}],"replies":[{"embeddable":true,"href":"https:\/\/covid-19care.org\/index.php?rest_route=%2Fwp%2Fv2%2Fcomments&post=19305"}],"wp:featuredmedia":[{"embeddable":true,"href":"https:\/\/covid-19care.org\/index.php?rest_route=\/wp\/v2\/media\/19308"}],"wp:attachment":[{"href":"https:\/\/covid-19care.org\/index.php?rest_route=%2Fwp%2Fv2%2Fmedia&parent=19305"}],"wp:term":[{"taxonomy":"product_cat","embeddable":true,"href":"https:\/\/covid-19care.org\/index.php?rest_route=%2Fwp%2Fv2%2Fproduct_cat&post=19305"},{"taxonomy":"product_tag","embeddable":true,"href":"https:\/\/covid-19care.org\/index.php?rest_route=%2Fwp%2Fv2%2Fproduct_tag&post=19305"}],"curies":[{"name":"wp","href":"https:\/\/api.w.org\/{rel}","templated":true}]}}